{"id":1059,"date":"2025-09-29T19:27:23","date_gmt":"2025-09-29T17:27:23","guid":{"rendered":"https:\/\/egm.ibpc.fr\/?page_id=1059"},"modified":"2025-09-29T19:34:13","modified_gmt":"2025-09-29T17:34:13","slug":"rna-control-of-gene-expression-themes","status":"publish","type":"page","link":"https:\/\/egm.ibpc.fr\/?page_id=1059","title":{"rendered":"Research Themes"},"content":{"rendered":"\n<h2 class=\"wp-block-heading has-text-align-center has-black-color has-text-color has-link-color wp-elements-9e7ebc909e3965af7c1dd738077bc497\">Th\u00e8me de recherche n\u00b01:&nbsp;<br>M\u00e9canismes de r\u00e9gulation de l&#8217;expression g\u00e9nique par des ARNs<\/h2>\n\n\n\n<hr class=\"wp-block-separator has-alpha-channel-opacity is-style-dots\"\/>\n\n\n\n<p class=\"has-text-align-left has-black-color has-text-color has-link-color wp-elements-3618ab6374d5c9135aa365ceac813217\">La r\u00e9gulation de l&#8217;expression des g\u00e8nes joue un r\u00f4le cl\u00e9 dans l\u2019adaptation des bact\u00e9ries \u00e0 leur environnement. Cette r\u00e9gulation a d&#8217;abord \u00e9t\u00e9 mise en \u00e9vidence au niveau de la transcription, la premi\u00e8re \u00e9tape de l&#8217;expression g\u00e9nique. Ce n\u2019est que plus tard que la r\u00e9gulation \u00e0 des \u00e9tapes post\u00e9rieures \u00e0 la transcription, \u00e9galement appel\u00e9e contr\u00f4le post-transcriptionnel, a \u00e9t\u00e9 d\u00e9couverte. Le r\u00f4le crucial que joue l&#8217;ARN dans le contr\u00f4le post-transcriptionnel chez les bact\u00e9ries, mais aussi dans les autres domaines du vivant, est connu depuis plusieurs d\u00e9cennies. Depuis une quinzaine d&#8217;ann\u00e9es cependant, le nombre d&#8217;ARN r\u00e9gulateurs identifi\u00e9s a explos\u00e9 et notre compr\u00e9hension de la diversit\u00e9 des m\u00e9canismes utilis\u00e9s par ces mol\u00e9cules pour contr\u00f4ler l&#8217;expression g\u00e9nique a fortement progress\u00e9.<br>Nos projets visent \u00e0 \u00e9tudier le r\u00f4le d\u2019\u00e9l\u00e9ments cis de l\u2019ARNm dans le contr\u00f4le traductionnel op\u00e9r\u00e9 par certaines prot\u00e9ines ribosomiques, les m\u00e9canismes par lesquels des ARN antisens et des ARNs r\u00e9gulent l\u2019expression de l\u2019ARNm, ainsi que la fonction d\u2019autres facteurs tels que les ribonucl\u00e9ases ou la prot\u00e9ine chaperon \u00e0 ARN Hfq dans cette r\u00e9gulation. Nous utilisons&nbsp;<em>Escherichia coli<\/em>&nbsp;comme organisme mod\u00e8le compte tenu d&#8217;une part de la connaissance g\u00e9n\u00e9rale que nous avons de cette bact\u00e9rie et d&#8217;autre part des nombreux outils disponibles pour la mise en \u0153uvre de ces projets. Nombre de nos r\u00e9sultats devraient \u00eatre transposables \u00e0 d\u2019autres ent\u00e9robact\u00e9ries qu\u2019elles soient ou non pathog\u00e8nes.<br><br><img loading=\"lazy\" decoding=\"async\" alt=\"fig2\" src=\"http:\/\/127.0.0.1:49970\/equipe%20MG\/equipe%20MG\/equipe%20MG\/files\/fig2.png\" width=\"360\" height=\"270\"><\/p>\n\n\n\n<h2 class=\"wp-block-heading has-text-align-center has-black-color has-text-color has-link-color wp-elements-4cf44de4ca580d4b4d41df957121abc0\">Th\u00e8me de recherche n\u00b02:\u00a0<br>Maturation et stabilit\u00e9 de l&#8217;ARN<\/h2>\n\n\n\n<hr class=\"wp-block-separator has-alpha-channel-opacity is-style-dots\"\/>\n\n\n\n<p class=\"has-black-color has-text-color has-link-color wp-elements-0c4887094a2892421a293797a2013133\">Chez&nbsp;<em>E. coli<\/em>, la stabilit\u00e9 des ARN d\u00e9pend de coupures endoribonucl\u00e9otidiques qui d\u00e9clenchent la d\u00e9gradation des ARN et aussi de l\u2019addition en 3&#8242; de s\u00e9quences poly(A) qui facilitent l\u2019\u00e9limination des fragments d\u2019ARN par les exoribonucl\u00e9ases. D\u2019autres facteurs comme les h\u00e9licases \u00e0 ARN, les ribosomes, la prot\u00e9ine Hfq et des ARN r\u00e9gulateurs participent \u00e0 ces processus. Bien que la majorit\u00e9 des ribonucl\u00e9ases, si ce n&#8217;est toutes, qui interviennent dans la maturation ou la d\u00e9gradation des ARN aient d\u00e9j\u00e0 \u00e9t\u00e9 identifi\u00e9es, leur fonction sp\u00e9cifique n\u2019est pas connue. Nous avons d\u00e9couvert de mani\u00e8re surprenante que la polyad\u00e9nylation des ARN bact\u00e9riens participait \u00e0 leur d\u00e9gradation. Longtemps consid\u00e9r\u00e9e comme une sp\u00e9cificit\u00e9 des ARNm eucaryotes, la polyad\u00e9nylation est maintenant reconnue comme un processus universel affectant toutes les cat\u00e9gories d\u2019ARN. Chez les eucaryotes et les procaryotes, cette voie de d\u00e9gradation joue un r\u00f4le dans le contr\u00f4le de la qualit\u00e9 des ARN en permettant la d\u00e9gradation sp\u00e9cifique des ARN non fonctionnels. Elle permet \u00e9galement la d\u00e9gradation exoribonucl\u00e9olytique des petits fragments d\u2019ARN produits par les endoribonucl\u00e9ases lors de la maturation et l\u2019inactivation des transcrits primaires. De plus, la poly(A)polym\u00e9rase modifie la stabilit\u00e9 fonctionnelle des ARNm, d\u00e9montrant ainsi que la polyad\u00e9nylation peut intervenir dans l\u2019expression g\u00e9nique chez&nbsp;<em>E. coli<\/em>.<\/p>\n\n\n\n<p class=\"has-black-color has-text-color has-link-color wp-elements-f8e131ce9824b2a08a6a145a1a3a1163\">La prot\u00e9ine Hfq est impliqu\u00e9e dans diff\u00e9rents m\u00e9canismes incluant la d\u00e9gradation et la traduction. Cette prot\u00e9ine a une fonction essentielle apr\u00e8s des stress et participe \u00e0 l\u2019expression de facteurs de virulence chez de nombreuses bact\u00e9ries pathog\u00e8nes. Elle peut agir directement ou indirectement en facilitant l\u2019interaction entre les ARNm et les ARNs. Curieusement, Hfq modifie \u00e9galement l\u2019abondance de certains ARNm et ce ind\u00e9pendamment de leur d\u00e9gradation. De plus, elle est impliqu\u00e9e dans la d\u00e9gradation poly(A)d\u00e9pendante des ARN. Nous mettons en \u0153uvre des approches&nbsp;<em>in vivo<\/em>&nbsp;et&nbsp;<em>in vitro<\/em>&nbsp;pour analyser le mode d\u2019action de Hfq ainsi que sa fonction dans le m\u00e9tabolisme cellulaire. Notre objectif principal est ainsi de comprendre comment ces facteurs participent \u00e0 la r\u00e9gulation de l\u2019expression g\u00e9nique par l\u2019ARN.<br><img loading=\"lazy\" decoding=\"async\" alt=\"fig1\" src=\"http:\/\/127.0.0.1:49970\/equipe%20MG\/equipe%20MG\/equipe%20MG\/files\/fig1.png\" width=\"360\" height=\"270\"><\/p>\n\n\n\n<h2 class=\"wp-block-heading has-text-align-center has-black-color has-text-color has-link-color wp-elements-6c9c404ac9144bba506def2138cfafd3\">Th\u00e8me de recherche n\u00b03:&nbsp;<br>Les ARNs dans les r\u00e9seaux de r\u00e9gulation de la cellule<\/h2>\n\n\n\n<hr class=\"wp-block-separator has-alpha-channel-opacity is-style-dots\"\/>\n\n\n\n<p class=\"has-black-color has-text-color has-link-color wp-elements-374b4a7853eb5d16f962903ca349d4db\">De nombreux travaux ont point\u00e9 les fortes connexions liant les ARNs \u00e0 d\u2019autres r\u00e9gulateurs. En effet, si la transcription des ARNs est r\u00e9gul\u00e9e par des facteurs de transcription ou des facteurs sigma alternatifs, inversement, de nombreux ARNs r\u00e9gulent directement la synth\u00e8se de certains facteurs de transcription. La biologie sous-jacente \u00e0 cette intrication de boucles de r\u00e9gulation est \u00e0 l&#8217;heure actuelle tr\u00e8s mal comprise. Nous \u00e9tudions divers syst\u00e8mes g\u00e9niques qui ont fait ressortir cette incroyable et surprenante complexit\u00e9. Ainsi, deux ARNs ind\u00e9pendants qui r\u00e9gulent par des m\u00e9canismes similaires l&#8217;expression du syst\u00e8me \u00e0 deux composants PhoP\/PhoQ ont des effets totalement diff\u00e9rents sur l\u2019expression du r\u00e9gulon PhoP. Si l\u2019on consid\u00e8re la comp\u00e9tition que se livrent les ARNs pour acc\u00e9der \u00e0 Hfq et celle \u00e0 laquelle se livrent plusieurs ARNm pour \u00eatre cibl\u00e9s par un m\u00eame ARNs, nos r\u00e9sultats soulignent la n\u00e9cessit\u00e9 de faire intervenir la biologie des syst\u00e8mes dans l&#8217;\u00e9tude de la r\u00e9gulation de l&#8217;expression g\u00e9nique par les ARNs.<br><br><img loading=\"lazy\" decoding=\"async\" alt=\"fig3\" src=\"http:\/\/127.0.0.1:49970\/equipe%20MG\/equipe%20MG\/equipe%20MG\/files\/fig3.png\" width=\"360\" height=\"270\"><\/p>\n\n\n\n<p><\/p>\n","protected":false},"excerpt":{"rendered":"<p>Th\u00e8me de recherche n\u00b01:&nbsp;M\u00e9canismes de r\u00e9gulation de l&#8217;expression g\u00e9nique par des ARNs La r\u00e9gulation de l&#8217;expression des g\u00e8nes joue un r\u00f4le cl\u00e9 dans l\u2019adaptation des bact\u00e9ries \u00e0 leur environnement. Cette r\u00e9gulation a d&#8217;abord \u00e9t\u00e9 mise en \u00e9vidence au niveau de la transcription, la premi\u00e8re \u00e9tape de l&#8217;expression g\u00e9nique. Ce n\u2019est que plus tard que la [&hellip;]<\/p>\n","protected":false},"author":1,"featured_media":0,"parent":38,"menu_order":0,"comment_status":"closed","ping_status":"closed","template":"","meta":{"ocean_post_layout":"","ocean_both_sidebars_style":"","ocean_both_sidebars_content_width":0,"ocean_both_sidebars_sidebars_width":0,"ocean_sidebar":"","ocean_second_sidebar":"","ocean_disable_margins":"enable","ocean_add_body_class":"","ocean_shortcode_before_top_bar":"","ocean_shortcode_after_top_bar":"","ocean_shortcode_before_header":"","ocean_shortcode_after_header":"","ocean_has_shortcode":"","ocean_shortcode_after_title":"","ocean_shortcode_before_footer_widgets":"","ocean_shortcode_after_footer_widgets":"","ocean_shortcode_before_footer_bottom":"","ocean_shortcode_after_footer_bottom":"","ocean_display_top_bar":"default","ocean_display_header":"off","ocean_header_style":"","ocean_center_header_left_menu":"","ocean_custom_header_template":"","ocean_custom_logo":0,"ocean_custom_retina_logo":0,"ocean_custom_logo_max_width":0,"ocean_custom_logo_tablet_max_width":0,"ocean_custom_logo_mobile_max_width":0,"ocean_custom_logo_max_height":0,"ocean_custom_logo_tablet_max_height":0,"ocean_custom_logo_mobile_max_height":0,"ocean_header_custom_menu":"","ocean_menu_typo_font_family":"","ocean_menu_typo_font_subset":"","ocean_menu_typo_font_size":0,"ocean_menu_typo_font_size_tablet":0,"ocean_menu_typo_font_size_mobile":0,"ocean_menu_typo_font_size_unit":"px","ocean_menu_typo_font_weight":"","ocean_menu_typo_font_weight_tablet":"","ocean_menu_typo_font_weight_mobile":"","ocean_menu_typo_transform":"","ocean_menu_typo_transform_tablet":"","ocean_menu_typo_transform_mobile":"","ocean_menu_typo_line_height":0,"ocean_menu_typo_line_height_tablet":0,"ocean_menu_typo_line_height_mobile":0,"ocean_menu_typo_line_height_unit":"","ocean_menu_typo_spacing":0,"ocean_menu_typo_spacing_tablet":0,"ocean_menu_typo_spacing_mobile":0,"ocean_menu_typo_spacing_unit":"","ocean_menu_link_color":"","ocean_menu_link_color_hover":"","ocean_menu_link_color_active":"","ocean_menu_link_background":"","ocean_menu_link_hover_background":"","ocean_menu_link_active_background":"","ocean_menu_social_links_bg":"","ocean_menu_social_hover_links_bg":"","ocean_menu_social_links_color":"","ocean_menu_social_hover_links_color":"","ocean_disable_title":"default","ocean_disable_heading":"default","ocean_post_title":"","ocean_post_subheading":"RNA control of gene expression","ocean_post_title_style":"background-image","ocean_post_title_background_color":"","ocean_post_title_background":563,"ocean_post_title_bg_image_position":"center center","ocean_post_title_bg_image_attachment":"","ocean_post_title_bg_image_repeat":"","ocean_post_title_bg_image_size":"cover","ocean_post_title_height":200,"ocean_post_title_bg_overlay":0.5,"ocean_post_title_bg_overlay_color":"","ocean_disable_breadcrumbs":"on","ocean_breadcrumbs_color":"#EFEBE0","ocean_breadcrumbs_separator_color":"","ocean_breadcrumbs_links_color":"","ocean_breadcrumbs_links_hover_color":"","ocean_display_footer_widgets":"default","ocean_display_footer_bottom":"default","ocean_custom_footer_template":"","footnotes":""},"class_list":["post-1059","page","type-page","status-publish","hentry","entry"],"_links":{"self":[{"href":"https:\/\/egm.ibpc.fr\/index.php?rest_route=\/wp\/v2\/pages\/1059","targetHints":{"allow":["GET"]}}],"collection":[{"href":"https:\/\/egm.ibpc.fr\/index.php?rest_route=\/wp\/v2\/pages"}],"about":[{"href":"https:\/\/egm.ibpc.fr\/index.php?rest_route=\/wp\/v2\/types\/page"}],"author":[{"embeddable":true,"href":"https:\/\/egm.ibpc.fr\/index.php?rest_route=\/wp\/v2\/users\/1"}],"replies":[{"embeddable":true,"href":"https:\/\/egm.ibpc.fr\/index.php?rest_route=%2Fwp%2Fv2%2Fcomments&post=1059"}],"version-history":[{"count":5,"href":"https:\/\/egm.ibpc.fr\/index.php?rest_route=\/wp\/v2\/pages\/1059\/revisions"}],"predecessor-version":[{"id":1064,"href":"https:\/\/egm.ibpc.fr\/index.php?rest_route=\/wp\/v2\/pages\/1059\/revisions\/1064"}],"up":[{"embeddable":true,"href":"https:\/\/egm.ibpc.fr\/index.php?rest_route=\/wp\/v2\/pages\/38"}],"wp:attachment":[{"href":"https:\/\/egm.ibpc.fr\/index.php?rest_route=%2Fwp%2Fv2%2Fmedia&parent=1059"}],"curies":[{"name":"wp","href":"https:\/\/api.w.org\/{rel}","templated":true}]}}