{"id":1076,"date":"2025-09-30T11:41:25","date_gmt":"2025-09-30T09:41:25","guid":{"rendered":"https:\/\/egm.ibpc.fr\/?page_id=1076"},"modified":"2025-10-02T17:34:57","modified_gmt":"2025-10-02T15:34:57","slug":"1076-2","status":"publish","type":"page","link":"https:\/\/egm.ibpc.fr\/?page_id=1076","title":{"rendered":"Fundings"},"content":{"rendered":"\n<hr class=\"wp-block-separator has-alpha-channel-opacity is-style-dots\"\/>\n\n\n<div class=\"wp-block-image\">\n<figure class=\"aligncenter size-full is-resized\"><img loading=\"lazy\" decoding=\"async\" width=\"778\" height=\"114\" src=\"https:\/\/egm.ibpc.fr\/wp-content\/uploads\/2025\/09\/image-7.png\" alt=\"\" class=\"wp-image-1171\" style=\"width:598px;height:auto\" srcset=\"https:\/\/egm.ibpc.fr\/wp-content\/uploads\/2025\/09\/image-7.png 778w, https:\/\/egm.ibpc.fr\/wp-content\/uploads\/2025\/09\/image-7-300x44.png 300w, https:\/\/egm.ibpc.fr\/wp-content\/uploads\/2025\/09\/image-7-768x113.png 768w\" sizes=\"auto, (max-width: 778px) 100vw, 778px\" \/><\/figure>\n<\/div>\n\n\n<hr class=\"wp-block-separator has-alpha-channel-opacity is-style-dots\"\/>\n\n\n\n<p class=\"has-black-color has-text-color has-link-color wp-elements-4563983c3f06dcb4f44c7c903bc97303\"><br><br>&#8211; <strong>2025<\/strong> : GIS IBISA, grant for equipment, coordinator <strong>C. Tisn\u00e9<\/strong><br><br>&#8211; <strong>2024-2029<\/strong> : ANR EpiRNA (Z. Baharoglu, <strong>C. Tisn\u00e9<\/strong>), Molecular basis of the effects of epitranscriptomic changes on antibiotic tolerance<br><br>&#8211; <strong>2023-2028<\/strong> : ANR ARNr-PMQC (<strong>C. Tisn\u00e9<\/strong>, C. Condon, B. Luisi), Processing, modification and quality-control of Bacillus subtilis ribosomal RNAs<br><br>&#8211; <strong>2022-2023<\/strong> : PSL RESOLUTION, CPER grant for \u00e9quipements. Coordinator: <strong>C. Tisn\u00e9<\/strong>\u00a0<br><br>&#8211; <strong>2021-2026<\/strong>: European COFUND contract (B. Miroux, <strong>C. Tisn\u00e9<\/strong>), FP-DYNAMO-Paris: 19 postdoctoral fellowships to be awarded within the DYNAMO Labex framework.<br><br>&#8211; PhD contract from PSL Q-life convergence institute to <strong>Marcel Yared<\/strong> (11.2020-10.2023)<br><br>&#8211; <strong>2019-2024<\/strong>: ANR JCJC CiMoDyMo (coord. <strong>P. Barraud<\/strong>, S. Kellner), Circuits of modifications in tRNAs: networks enabling dynamic regulation of modifications<br><br>&#8211; <strong>2019-2024<\/strong> : ANR ARNTools (coord. M. Eth\u00e8ve-Quelquejeu, <strong>C. Tisn\u00e9<\/strong>), Molecular tools for structural studies of RNA methyltransferases.<br><br>&#8211; <strong>2013-2019<\/strong> : Involved in two EQUIPEX : EQUIPEX CACSICE (coordinateurs M. Nilges et B. Miroux) et EQUIPEX Paris en r\u00e9sonance (coordinateur G. Bodenhausen).<br><br>&#8211; <strong>2016-2021<\/strong>\u00a0: ANR ARNr-QC (coord. C. Condon, <strong>C. Tisn\u00e9<\/strong>, R. Britton), Ribosomal RNA maturation and its link to quality control of ribosome assembly.<br><br>&#8211; <strong>2016<\/strong>\u00a0: Financement SESAME (R\u00e9gion Ile-de-France, B. Miroux et <strong>C. Tisn\u00e9<\/strong>), achat d\u2019une cryosonde pour le spectrom\u00e8tre RMN 700 MHz de l\u2019IBPC<br><br>&#8211; <strong>2017-2021<\/strong>\u00a0: ANR PRCI MOBILIS, (coord. <strong>P. Barraud<\/strong>, M. Janstch), Reconnaissance mol\u00e9culaire et r\u00e9gulation en pr\u00e9sence d\u2019ARN d\u2019un signal de localisation nucl\u00e9aire bimodulaire.<br><br>&#8211; <strong>2015-2019<\/strong>\u00a0: ANR NMR-VitAmin (coord. <strong>C. Tisn\u00e9<\/strong>, B. Gasnier, L. Micouin), NMR view of tRNA maturation.<br><br>&#8211; <strong>2015-2016<\/strong>\u00a0: Sidaction (<strong>C. Tisn\u00e9<\/strong>), Le domaine C-terminal de Pr55Gag\u00a0: interactions multiples et r\u00f4le dans l\u2019assemblage et le bourgeonnement du virus du VIH-1.<br><br>&#8211; <strong>2013-2016<\/strong>\u00a0: Contrat IDEX Paris Sorbonne Cit\u00e9, RNAMAT (coord. <strong>C. Tisn\u00e9<\/strong>, C. Condon), Structure of RNase M5 and its complex with 5S ribosomal RNA and r-protein L18.\u00a0<br><br>&#8211; <strong>2013-2016<\/strong>\u00a0: Contrat IDEX Paris Sorbonne Cit\u00e9, Cereal (coord. L. Micouin, B. Limoges, <strong>C. Tisn\u00e9<\/strong>), Criblage \u00e9lectrochimique de la reconnaissance ARN-ligand\u00a0: S\u00e9lection, caract\u00e9risation et optimisation d\u2019interactions ARN\/ligand par fragments et criblage \u00e9lectrochimique.<br><br>&#8211; <strong>2011-2013<\/strong>\u00a0: Contrat ANRS (<strong>C. Tisn\u00e9<\/strong>), La prot\u00e9ine de nucl\u00e9ocapside\u00a0: structure, maturation et architecture.\u00a0<br><br>&#8211; <strong>2015<\/strong>\u00a0: Financement FEDER (<strong>C. Tisn\u00e9<\/strong>), console de spectrom\u00e8tre RMN.<br><br>&#8211; <strong>2013<\/strong>\u00a0: Financement SESAME (R\u00e9gion Ile-de-France, N. Leulliot et <strong>C. Tisn\u00e9<\/strong>), console de spectrom\u00e8tre RMN (Paris Descartes).<br><br>&#8211; <strong>2011-2013<\/strong> : Contrat ANRS (<strong>C. Tisn\u00e9<\/strong>) La prot\u00e9ine de nucl\u00e9ocapside\u00a0: structure, maturation et architecture.<br><br>&#8211; <strong>2010<\/strong> : PEPS (Projets exploratoires\/Premier soutien CNRS) (<strong>C. Tisn\u00e9<\/strong>) \u00c9tude par RMN en cellules de la maturation des ARNt.<\/p>\n\n\n\n<ul class=\"wp-block-list\">\n<li>Project Fundings:<\/li>\n<\/ul>\n\n\n\n<p><\/p>\n","protected":false},"excerpt":{"rendered":"<p>&#8211; 2025 : GIS IBISA, grant for equipment, coordinator C. Tisn\u00e9 &#8211; 2024-2029 : ANR EpiRNA (Z. Baharoglu, C. Tisn\u00e9), Molecular basis of the effects of epitranscriptomic changes on antibiotic tolerance &#8211; 2023-2028 : ANR ARNr-PMQC (C. Tisn\u00e9, C. Condon, B. Luisi), Processing, modification and quality-control of Bacillus subtilis ribosomal RNAs &#8211; 2022-2023 : PSL [&hellip;]<\/p>\n","protected":false},"author":1,"featured_media":0,"parent":40,"menu_order":0,"comment_status":"closed","ping_status":"closed","template":"","meta":{"ocean_post_layout":"","ocean_both_sidebars_style":"","ocean_both_sidebars_content_width":0,"ocean_both_sidebars_sidebars_width":0,"ocean_sidebar":"","ocean_second_sidebar":"","ocean_disable_margins":"enable","ocean_add_body_class":"","ocean_shortcode_before_top_bar":"","ocean_shortcode_after_top_bar":"","ocean_shortcode_before_header":"","ocean_shortcode_after_header":"","ocean_has_shortcode":"","ocean_shortcode_after_title":"","ocean_shortcode_before_footer_widgets":"","ocean_shortcode_after_footer_widgets":"","ocean_shortcode_before_footer_bottom":"","ocean_shortcode_after_footer_bottom":"","ocean_display_top_bar":"default","ocean_display_header":"off","ocean_header_style":"","ocean_center_header_left_menu":"","ocean_custom_header_template":"","ocean_custom_logo":0,"ocean_custom_retina_logo":0,"ocean_custom_logo_max_width":0,"ocean_custom_logo_tablet_max_width":0,"ocean_custom_logo_mobile_max_width":0,"ocean_custom_logo_max_height":0,"ocean_custom_logo_tablet_max_height":0,"ocean_custom_logo_mobile_max_height":0,"ocean_header_custom_menu":"","ocean_menu_typo_font_family":"","ocean_menu_typo_font_subset":"","ocean_menu_typo_font_size":0,"ocean_menu_typo_font_size_tablet":0,"ocean_menu_typo_font_size_mobile":0,"ocean_menu_typo_font_size_unit":"px","ocean_menu_typo_font_weight":"","ocean_menu_typo_font_weight_tablet":"","ocean_menu_typo_font_weight_mobile":"","ocean_menu_typo_transform":"","ocean_menu_typo_transform_tablet":"","ocean_menu_typo_transform_mobile":"","ocean_menu_typo_line_height":0,"ocean_menu_typo_line_height_tablet":0,"ocean_menu_typo_line_height_mobile":0,"ocean_menu_typo_line_height_unit":"","ocean_menu_typo_spacing":0,"ocean_menu_typo_spacing_tablet":0,"ocean_menu_typo_spacing_mobile":0,"ocean_menu_typo_spacing_unit":"","ocean_menu_link_color":"","ocean_menu_link_color_hover":"","ocean_menu_link_color_active":"","ocean_menu_link_background":"","ocean_menu_link_hover_background":"","ocean_menu_link_active_background":"","ocean_menu_social_links_bg":"","ocean_menu_social_hover_links_bg":"","ocean_menu_social_links_color":"","ocean_menu_social_hover_links_color":"","ocean_disable_title":"default","ocean_disable_heading":"default","ocean_post_title":"","ocean_post_subheading":"Biogenesis, architecture and interactions of RNA","ocean_post_title_style":"background-image","ocean_post_title_background_color":"","ocean_post_title_background":563,"ocean_post_title_bg_image_position":"center center","ocean_post_title_bg_image_attachment":"","ocean_post_title_bg_image_repeat":"","ocean_post_title_bg_image_size":"cover","ocean_post_title_height":200,"ocean_post_title_bg_overlay":0.1,"ocean_post_title_bg_overlay_color":"","ocean_disable_breadcrumbs":"default","ocean_breadcrumbs_color":"","ocean_breadcrumbs_separator_color":"","ocean_breadcrumbs_links_color":"","ocean_breadcrumbs_links_hover_color":"","ocean_display_footer_widgets":"default","ocean_display_footer_bottom":"default","ocean_custom_footer_template":"","footnotes":""},"class_list":["post-1076","page","type-page","status-publish","hentry","entry"],"_links":{"self":[{"href":"https:\/\/egm.ibpc.fr\/index.php?rest_route=\/wp\/v2\/pages\/1076","targetHints":{"allow":["GET"]}}],"collection":[{"href":"https:\/\/egm.ibpc.fr\/index.php?rest_route=\/wp\/v2\/pages"}],"about":[{"href":"https:\/\/egm.ibpc.fr\/index.php?rest_route=\/wp\/v2\/types\/page"}],"author":[{"embeddable":true,"href":"https:\/\/egm.ibpc.fr\/index.php?rest_route=\/wp\/v2\/users\/1"}],"replies":[{"embeddable":true,"href":"https:\/\/egm.ibpc.fr\/index.php?rest_route=%2Fwp%2Fv2%2Fcomments&post=1076"}],"version-history":[{"count":7,"href":"https:\/\/egm.ibpc.fr\/index.php?rest_route=\/wp\/v2\/pages\/1076\/revisions"}],"predecessor-version":[{"id":1276,"href":"https:\/\/egm.ibpc.fr\/index.php?rest_route=\/wp\/v2\/pages\/1076\/revisions\/1276"}],"up":[{"embeddable":true,"href":"https:\/\/egm.ibpc.fr\/index.php?rest_route=\/wp\/v2\/pages\/40"}],"wp:attachment":[{"href":"https:\/\/egm.ibpc.fr\/index.php?rest_route=%2Fwp%2Fv2%2Fmedia&parent=1076"}],"curies":[{"name":"wp","href":"https:\/\/api.w.org\/{rel}","templated":true}]}}