{"id":1086,"date":"2025-09-30T11:56:41","date_gmt":"2025-09-30T09:56:41","guid":{"rendered":"https:\/\/egm.ibpc.fr\/?page_id=1086"},"modified":"2025-10-02T17:31:58","modified_gmt":"2025-10-02T15:31:58","slug":"1086-2","status":"publish","type":"page","link":"https:\/\/egm.ibpc.fr\/?page_id=1086","title":{"rendered":"Fundings"},"content":{"rendered":"\n<p><\/p>\n\n\n\n<hr class=\"wp-block-separator has-alpha-channel-opacity is-style-dots\"\/>\n\n\n<div class=\"wp-block-image\">\n<figure class=\"aligncenter size-full is-resized\"><img loading=\"lazy\" decoding=\"async\" width=\"778\" height=\"114\" src=\"https:\/\/egm.ibpc.fr\/wp-content\/uploads\/2025\/09\/image-6.png\" alt=\"\" class=\"wp-image-1167\" style=\"width:632px;height:auto\" srcset=\"https:\/\/egm.ibpc.fr\/wp-content\/uploads\/2025\/09\/image-6.png 778w, https:\/\/egm.ibpc.fr\/wp-content\/uploads\/2025\/09\/image-6-300x44.png 300w, https:\/\/egm.ibpc.fr\/wp-content\/uploads\/2025\/09\/image-6-768x113.png 768w\" sizes=\"auto, (max-width: 778px) 100vw, 778px\" \/><\/figure>\n<\/div>\n\n\n<hr class=\"wp-block-separator has-alpha-channel-opacity is-style-dots\"\/>\n\n\n\n<p class=\"has-black-color has-text-color has-link-color wp-elements-860b22a9d3bc099d91b55848081f56c8\"><strong>&#8211; 2023-2027<\/strong> : Agence Nationale de la Recherche, ANR BaSaLS. Role of RNase J2 and Regulatory RNAs in <em>B. subtilis<\/em> and <em>S. aureus<\/em> lifestyle decisions. Coordinator:\u00a0<strong>S. Durand<\/strong><\/p>\n\n\n\n<p class=\"has-black-color has-text-color has-link-color wp-elements-6c71b7ffe906302e349f1ce9d7b893c7\">&#8211; <strong>2023-2027<\/strong> : Agence Nationale de la Recherche, ANR BAS-Rae1.Translation dependent mRNA decay by Rae1 in\u00a0<em>Bacillus<\/em>,\u00a0<em>Arabidopsis<\/em>\u00a0and\u00a0<em>Staphylococcu<\/em>s. Coordinator:\u00a0<strong>C. Condon<\/strong><br><br>&#8211; <strong>2023-2027<\/strong> : Agence Nationale de la Recherche, ANR ARNr-PMQC. Processing, modification and quality-control of\u00a0<em>Bacillus subtilis\u00a0<\/em>ribosomal RNAs. Partner:\u00a0<strong>C. Condon<\/strong><br><br>&#8211; <strong>2022 &#8211; 2026<\/strong> : Agence Nationale de la Recherche, ANR BSpoRNase. Role of an orphan ribonuclease in\u00a0<em>Bacillus<\/em>spore development. Coordinator:\u00a0<strong>C. Condon<\/strong><br><br>&#8211; <strong>2019 &#8211; 2023<\/strong>: Agence Nationale de la Recherche, ANR CoNoCo. Controlling non-coing pervasive transcription to ensure fine-tuning of gene expression in\u00a0<em>Bacillus subtilis<\/em>\u00a0and\u00a0<em>Staphylococcus aureus<\/em>. Coordinator: E. Bidnenko. Partner:\u00a0<strong>S. Durand<\/strong><br><br>&#8211; <strong>2016 &#8211; 2019<\/strong> : Agence Nationale de la Recherche Jeunes Chercheurs Jeunes Chercheuses (ANR-JCJC). BaRR.\u00a0<em>Bacillus subtilis<\/em>\u00a0regulatory RNA. Coordinator:\u00a0<strong>S. Durand<\/strong>.<br><br>&#8211; <strong>2015 &#8211; 2019<\/strong> : Agence Nationale de la Recherche (ANR). ANRr-QC. Ribosomal RNA maturation and its link to quality control of ribosome assembly. Coordinator:\u00a0<strong>C. Condon<\/strong>.<br><br>&#8211; <strong>2015 &#8211; 2017<\/strong> : Agence Nationale de la Recherche (ANR). ANR grant TrMTase (n\u00b0ANR-14-CE09-0016-01). Trm112, un activateur de methyltransf\u00e9rases \u00e0 l&#8217;interface entre la biogen\u00e8se du ribosome et sa fonction. Coordinator:\u00a0<strong>Val\u00e9rie Heurgu\u00e9-Hamard<\/strong>, en partenariat avec Marc Graille<br><br>&#8211; <strong>2014 &#8211; 2015<\/strong> : Labex Dynamo : Function of an orphan ribonuclease conserved in Gram-positive bacteria, Cyanobacteria and higher plants. 2 year post-doc salary.<br><br>&#8211; <strong>2013 &#8211; 2015<\/strong> : PRES Paris Sorbonne Cit\u00e9. Structure of RNase M5 and its complex with 5S ribosomal RNA and r-protein L18. Coordinator C. Tisn\u00e9. Partner:\u00a0<strong>C. Condon<\/strong><br><br>&#8211; <strong>2013 &#8211; 2015<\/strong> : Agence Nationale de la Recherche (ANR). Regulation of RNA maturation and turnover by antisense RNA. Coordinator: I. Iost. Partner:\u00a0<strong>C. Condon<br><\/strong><br>&#8211; <strong>2010 &#8211; 2014<\/strong> : Agence Nationale de la Recherche (ANR).\u00a0<em>Bacillus subtilis<\/em>\u00a0as an alternative model of RNA maturation and decay. Coordinator:\u00a0<strong>C. Condon<\/strong>.<br><br>&#8211; <strong>2009 &#8211; 2011<\/strong> : Agence Nationale de la Recherche (ANR). Identification et caract\u00e9risation fonctionnelle des ARN r\u00e9gulateurs non-codants chez\u00a0<em>S. cerevisiae<\/em>. A. Morillon, A. Taddei, C. Thermes et\u00a0\u00a0<strong>L. B\u00e9nard<\/strong><br><br>&#8211; <strong>2006 &#8211; 2010<\/strong> : Agence Nationale de la Recherche (ANR). Maturation and recycling of RNA in\u00a0<em>B. subtilis<\/em>: from the identification of the actors to the resolution of their structures. Coordinator:\u00a0<strong>C. Condon<\/strong><br><br>&#8211; <strong>2008<\/strong> : Association pour la Recherche sur le Cancer (ARC). Des t\u00e9lom\u00e8res sous influence. Implication des exoribonucl\u00e9ases 5\u2019-3\u2019 dans la canc\u00e9rog\u00e9n\u00e8se et senescence. Coordinator :\u00a0<strong>L. B\u00e9nard<\/strong>.<br><br>&#8211; <strong>2005<\/strong> : Association pour la Recherche sur le Cancer (ARC). The resolution of the 3-dimensional structure of ribonuclease Z, orthologue of ELAC2, linked to prostate cancer susceptibility in man. Coordinator:\u00a0<strong>C. Condon<\/strong>.<br><br>&#8211; <strong>2003-2006<\/strong> : ACI Jeunes Chercheurs et Jeunes Chercheuses<\/p>\n","protected":false},"excerpt":{"rendered":"<p>&#8211; 2023-2027 : Agence Nationale de la Recherche, ANR BaSaLS. Role of RNase J2 and Regulatory RNAs in B. subtilis and S. aureus lifestyle decisions. Coordinator:\u00a0S. Durand &#8211; 2023-2027 : Agence Nationale de la Recherche, ANR BAS-Rae1.Translation dependent mRNA decay by Rae1 in\u00a0Bacillus,\u00a0Arabidopsis\u00a0and\u00a0Staphylococcus. Coordinator:\u00a0C. Condon &#8211; 2023-2027 : Agence Nationale de la Recherche, ANR ARNr-PMQC. [&hellip;]<\/p>\n","protected":false},"author":1,"featured_media":0,"parent":34,"menu_order":0,"comment_status":"closed","ping_status":"closed","template":"","meta":{"ocean_post_layout":"","ocean_both_sidebars_style":"","ocean_both_sidebars_content_width":0,"ocean_both_sidebars_sidebars_width":0,"ocean_sidebar":"","ocean_second_sidebar":"","ocean_disable_margins":"enable","ocean_add_body_class":"","ocean_shortcode_before_top_bar":"","ocean_shortcode_after_top_bar":"","ocean_shortcode_before_header":"","ocean_shortcode_after_header":"","ocean_has_shortcode":"","ocean_shortcode_after_title":"","ocean_shortcode_before_footer_widgets":"","ocean_shortcode_after_footer_widgets":"","ocean_shortcode_before_footer_bottom":"","ocean_shortcode_after_footer_bottom":"","ocean_display_top_bar":"default","ocean_display_header":"off","ocean_header_style":"","ocean_center_header_left_menu":"","ocean_custom_header_template":"","ocean_custom_logo":0,"ocean_custom_retina_logo":0,"ocean_custom_logo_max_width":0,"ocean_custom_logo_tablet_max_width":0,"ocean_custom_logo_mobile_max_width":0,"ocean_custom_logo_max_height":0,"ocean_custom_logo_tablet_max_height":0,"ocean_custom_logo_mobile_max_height":0,"ocean_header_custom_menu":"","ocean_menu_typo_font_family":"","ocean_menu_typo_font_subset":"","ocean_menu_typo_font_size":0,"ocean_menu_typo_font_size_tablet":0,"ocean_menu_typo_font_size_mobile":0,"ocean_menu_typo_font_size_unit":"px","ocean_menu_typo_font_weight":"","ocean_menu_typo_font_weight_tablet":"","ocean_menu_typo_font_weight_mobile":"","ocean_menu_typo_transform":"","ocean_menu_typo_transform_tablet":"","ocean_menu_typo_transform_mobile":"","ocean_menu_typo_line_height":0,"ocean_menu_typo_line_height_tablet":0,"ocean_menu_typo_line_height_mobile":0,"ocean_menu_typo_line_height_unit":"","ocean_menu_typo_spacing":0,"ocean_menu_typo_spacing_tablet":0,"ocean_menu_typo_spacing_mobile":0,"ocean_menu_typo_spacing_unit":"","ocean_menu_link_color":"","ocean_menu_link_color_hover":"","ocean_menu_link_color_active":"","ocean_menu_link_background":"","ocean_menu_link_hover_background":"","ocean_menu_link_active_background":"","ocean_menu_social_links_bg":"","ocean_menu_social_hover_links_bg":"","ocean_menu_social_links_color":"","ocean_menu_social_hover_links_color":"","ocean_disable_title":"default","ocean_disable_heading":"default","ocean_post_title":"","ocean_post_subheading":"RNA maturation and degradation","ocean_post_title_style":"background-image","ocean_post_title_background_color":"","ocean_post_title_background":563,"ocean_post_title_bg_image_position":"center center","ocean_post_title_bg_image_attachment":"","ocean_post_title_bg_image_repeat":"","ocean_post_title_bg_image_size":"cover","ocean_post_title_height":200,"ocean_post_title_bg_overlay":0.2,"ocean_post_title_bg_overlay_color":"","ocean_disable_breadcrumbs":"default","ocean_breadcrumbs_color":"","ocean_breadcrumbs_separator_color":"","ocean_breadcrumbs_links_color":"","ocean_breadcrumbs_links_hover_color":"","ocean_display_footer_widgets":"default","ocean_display_footer_bottom":"default","ocean_custom_footer_template":"","footnotes":""},"class_list":["post-1086","page","type-page","status-publish","hentry","entry"],"_links":{"self":[{"href":"https:\/\/egm.ibpc.fr\/index.php?rest_route=\/wp\/v2\/pages\/1086","targetHints":{"allow":["GET"]}}],"collection":[{"href":"https:\/\/egm.ibpc.fr\/index.php?rest_route=\/wp\/v2\/pages"}],"about":[{"href":"https:\/\/egm.ibpc.fr\/index.php?rest_route=\/wp\/v2\/types\/page"}],"author":[{"embeddable":true,"href":"https:\/\/egm.ibpc.fr\/index.php?rest_route=\/wp\/v2\/users\/1"}],"replies":[{"embeddable":true,"href":"https:\/\/egm.ibpc.fr\/index.php?rest_route=%2Fwp%2Fv2%2Fcomments&post=1086"}],"version-history":[{"count":5,"href":"https:\/\/egm.ibpc.fr\/index.php?rest_route=\/wp\/v2\/pages\/1086\/revisions"}],"predecessor-version":[{"id":1274,"href":"https:\/\/egm.ibpc.fr\/index.php?rest_route=\/wp\/v2\/pages\/1086\/revisions\/1274"}],"up":[{"embeddable":true,"href":"https:\/\/egm.ibpc.fr\/index.php?rest_route=\/wp\/v2\/pages\/34"}],"wp:attachment":[{"href":"https:\/\/egm.ibpc.fr\/index.php?rest_route=%2Fwp%2Fv2%2Fmedia&parent=1086"}],"curies":[{"name":"wp","href":"https:\/\/api.w.org\/{rel}","templated":true}]}}