{"id":1090,"date":"2025-09-30T12:03:51","date_gmt":"2025-09-30T10:03:51","guid":{"rendered":"https:\/\/egm.ibpc.fr\/?page_id=1090"},"modified":"2025-09-30T15:44:02","modified_gmt":"2025-09-30T13:44:02","slug":"1090-2","status":"publish","type":"page","link":"https:\/\/egm.ibpc.fr\/?page_id=1090","title":{"rendered":"Fundings"},"content":{"rendered":"\n<hr class=\"wp-block-separator has-alpha-channel-opacity is-style-dots\"\/>\n\n\n<div class=\"wp-block-image\">\n<figure class=\"aligncenter size-full is-resized\"><img loading=\"lazy\" decoding=\"async\" width=\"908\" height=\"114\" src=\"https:\/\/egm.ibpc.fr\/wp-content\/uploads\/2025\/09\/image-8.png\" alt=\"\" class=\"wp-image-1173\" style=\"width:676px;height:auto\" srcset=\"https:\/\/egm.ibpc.fr\/wp-content\/uploads\/2025\/09\/image-8.png 908w, https:\/\/egm.ibpc.fr\/wp-content\/uploads\/2025\/09\/image-8-300x38.png 300w, https:\/\/egm.ibpc.fr\/wp-content\/uploads\/2025\/09\/image-8-768x96.png 768w\" sizes=\"auto, (max-width: 908px) 100vw, 908px\" \/><\/figure>\n<\/div>\n\n\n<hr class=\"wp-block-separator has-alpha-channel-opacity is-style-dots\"\/>\n\n\n\n<p class=\"has-black-color has-text-color has-link-color wp-elements-e3c5fe9408abe69dcef4f7db296c5d86\">&#8211; <strong>2019-2025<\/strong> : ERC Consolidator Grant &#8211; Bacterial small RNAs networks unravelling novel features of transcription and translation. Coordinator: <strong>M. Guillier<\/strong><\/p>\n\n\n\n<p class=\"has-black-color has-text-color has-link-color wp-elements-bab7d00b8573040b71767b9224a54664\">&#8211; <strong>2018-2023<\/strong> : Agence Nationale de la Recherche &#8211; Engineering RNA life cycle to optimize economy of microbial energy: application to the bioconversion of biomass-derived carbon sources. Coordinator: M. Cocaign<\/p>\n\n\n\n<p class=\"has-black-color has-text-color has-link-color wp-elements-2269a39ef1426d6fe7f68bf8776e4e0f\">&#8211; <strong>2015-2017<\/strong> : Agence Nationale de la Recherche &#8211; Programme Jeunes Chercheurs (ANR &#8211; JCJC) UnifyRNA. Propri\u00e9t\u00e9s uniques des petits ARN r\u00e9gulateurs dans les r\u00e9seaux transcriptionnels et le contr\u00f4le traductionnel. Coordinator: <strong>M. Guillier<\/strong><\/p>\n\n\n\n<p class=\"has-black-color has-text-color has-link-color wp-elements-0d26b2dbc8d8d1498e11e191a58371ca\">&#8211; <strong>2015-2018<\/strong> : Labex Dynamo &#8211; Comparison and gene expression in bacteria and chloroplast (3 years Post-doc)<\/p>\n\n\n\n<p class=\"has-black-color has-text-color has-link-color wp-elements-4b2d4f5373ae328e50b08955d97aefa1\">&#8211; <strong>2013-2017<\/strong> : Agence Nationale de la Recherche (ANR). Regulation of RNA maturation and turnover by antisense RNA. Coordinator: I. Iost.<\/p>\n\n\n\n<p class=\"has-black-color has-text-color has-link-color wp-elements-b92dd286081111ac335a190b3f2fd66f\">&#8211; <strong>2011 &#8211; 2014<\/strong> : Agence Nationale de la Recherche &#8211; Programme Jeunes Chercheurs (ANR &#8211; JCJC). Cascades de r\u00e9gulation chez Escherichia coli: le r\u00f4le des petits ARN r\u00e9gulateurs et des syst\u00e8mes \u00e0 deux composants dans la r\u00e9gulation de la composition membranaire et de l&#8217;hom\u00e9ostasie du magn\u00e9sium. Coordinator : <strong>M. Guillier<\/strong><\/p>\n\n\n\n<p class=\"has-black-color has-text-color has-link-color wp-elements-7ae97c5fd197bb3a17fdb3c314b649cd\">&#8211; <strong>2011<\/strong> : Union Europ\u00e9enne, programme Leonardo da Vinci. <strong>M. Guillier<\/strong><\/p>\n\n\n\n<p class=\"has-black-color has-text-color has-link-color wp-elements-9ac00cf961d1ea846fe5a532228b76c6\"><\/p>\n\n\n\n<p><\/p>\n","protected":false},"excerpt":{"rendered":"<p>&#8211; 2019-2025 : ERC Consolidator Grant &#8211; Bacterial small RNAs networks unravelling novel features of transcription and translation. Coordinator: M. Guillier &#8211; 2018-2023 : Agence Nationale de la Recherche &#8211; Engineering RNA life cycle to optimize economy of microbial energy: application to the bioconversion of biomass-derived carbon sources. Coordinator: M. Cocaign &#8211; 2015-2017 : Agence [&hellip;]<\/p>\n","protected":false},"author":1,"featured_media":0,"parent":38,"menu_order":0,"comment_status":"closed","ping_status":"closed","template":"","meta":{"ocean_post_layout":"","ocean_both_sidebars_style":"","ocean_both_sidebars_content_width":0,"ocean_both_sidebars_sidebars_width":0,"ocean_sidebar":"","ocean_second_sidebar":"","ocean_disable_margins":"enable","ocean_add_body_class":"","ocean_shortcode_before_top_bar":"","ocean_shortcode_after_top_bar":"","ocean_shortcode_before_header":"","ocean_shortcode_after_header":"","ocean_has_shortcode":"","ocean_shortcode_after_title":"","ocean_shortcode_before_footer_widgets":"","ocean_shortcode_after_footer_widgets":"","ocean_shortcode_before_footer_bottom":"","ocean_shortcode_after_footer_bottom":"","ocean_display_top_bar":"default","ocean_display_header":"off","ocean_header_style":"","ocean_center_header_left_menu":"","ocean_custom_header_template":"","ocean_custom_logo":0,"ocean_custom_retina_logo":0,"ocean_custom_logo_max_width":0,"ocean_custom_logo_tablet_max_width":0,"ocean_custom_logo_mobile_max_width":0,"ocean_custom_logo_max_height":0,"ocean_custom_logo_tablet_max_height":0,"ocean_custom_logo_mobile_max_height":0,"ocean_header_custom_menu":"","ocean_menu_typo_font_family":"","ocean_menu_typo_font_subset":"","ocean_menu_typo_font_size":0,"ocean_menu_typo_font_size_tablet":0,"ocean_menu_typo_font_size_mobile":0,"ocean_menu_typo_font_size_unit":"px","ocean_menu_typo_font_weight":"","ocean_menu_typo_font_weight_tablet":"","ocean_menu_typo_font_weight_mobile":"","ocean_menu_typo_transform":"","ocean_menu_typo_transform_tablet":"","ocean_menu_typo_transform_mobile":"","ocean_menu_typo_line_height":0,"ocean_menu_typo_line_height_tablet":0,"ocean_menu_typo_line_height_mobile":0,"ocean_menu_typo_line_height_unit":"","ocean_menu_typo_spacing":0,"ocean_menu_typo_spacing_tablet":0,"ocean_menu_typo_spacing_mobile":0,"ocean_menu_typo_spacing_unit":"","ocean_menu_link_color":"","ocean_menu_link_color_hover":"","ocean_menu_link_color_active":"","ocean_menu_link_background":"","ocean_menu_link_hover_background":"","ocean_menu_link_active_background":"","ocean_menu_social_links_bg":"","ocean_menu_social_hover_links_bg":"","ocean_menu_social_links_color":"","ocean_menu_social_hover_links_color":"","ocean_disable_title":"default","ocean_disable_heading":"default","ocean_post_title":"","ocean_post_subheading":"","ocean_post_title_style":"background-image","ocean_post_title_background_color":"","ocean_post_title_background":563,"ocean_post_title_bg_image_position":"center center","ocean_post_title_bg_image_attachment":"","ocean_post_title_bg_image_repeat":"","ocean_post_title_bg_image_size":"cover","ocean_post_title_height":200,"ocean_post_title_bg_overlay":0.1,"ocean_post_title_bg_overlay_color":"","ocean_disable_breadcrumbs":"default","ocean_breadcrumbs_color":"","ocean_breadcrumbs_separator_color":"","ocean_breadcrumbs_links_color":"","ocean_breadcrumbs_links_hover_color":"","ocean_display_footer_widgets":"default","ocean_display_footer_bottom":"default","ocean_custom_footer_template":"","footnotes":""},"class_list":["post-1090","page","type-page","status-publish","hentry","entry"],"_links":{"self":[{"href":"https:\/\/egm.ibpc.fr\/index.php?rest_route=\/wp\/v2\/pages\/1090","targetHints":{"allow":["GET"]}}],"collection":[{"href":"https:\/\/egm.ibpc.fr\/index.php?rest_route=\/wp\/v2\/pages"}],"about":[{"href":"https:\/\/egm.ibpc.fr\/index.php?rest_route=\/wp\/v2\/types\/page"}],"author":[{"embeddable":true,"href":"https:\/\/egm.ibpc.fr\/index.php?rest_route=\/wp\/v2\/users\/1"}],"replies":[{"embeddable":true,"href":"https:\/\/egm.ibpc.fr\/index.php?rest_route=%2Fwp%2Fv2%2Fcomments&post=1090"}],"version-history":[{"count":3,"href":"https:\/\/egm.ibpc.fr\/index.php?rest_route=\/wp\/v2\/pages\/1090\/revisions"}],"predecessor-version":[{"id":1174,"href":"https:\/\/egm.ibpc.fr\/index.php?rest_route=\/wp\/v2\/pages\/1090\/revisions\/1174"}],"up":[{"embeddable":true,"href":"https:\/\/egm.ibpc.fr\/index.php?rest_route=\/wp\/v2\/pages\/38"}],"wp:attachment":[{"href":"https:\/\/egm.ibpc.fr\/index.php?rest_route=%2Fwp%2Fv2%2Fmedia&parent=1090"}],"curies":[{"name":"wp","href":"https:\/\/api.w.org\/{rel}","templated":true}]}}