{"id":1252,"date":"2025-10-02T10:07:03","date_gmt":"2025-10-02T08:07:03","guid":{"rendered":"https:\/\/egm.ibpc.fr\/?page_id=1252"},"modified":"2025-10-02T10:08:43","modified_gmt":"2025-10-02T08:08:43","slug":"1252-2","status":"publish","type":"page","link":"https:\/\/egm.ibpc.fr\/?page_id=1252","title":{"rendered":"Credits and legal notice"},"content":{"rendered":"\n<h2 class=\"wp-block-heading has-black-color has-text-color has-link-color wp-elements-33e8828b152016729f39f5562e4cc9f6\">Credits and legal notice<\/h2>\n\n\n\n<h4 class=\"wp-block-heading has-black-color has-text-color has-link-color wp-elements-9fea730274365ae954e5dc53cccd33ed\"><br>1. Website overview<\/h4>\n\n\n\n<p class=\"has-black-color has-text-color has-link-color wp-elements-83e18a25f9dd32c76bda36293e721e44\">In accordance with article 6 of French law no. 2004-575 of June 21, 2004 on confidence in the digital economy, users of the http:\/\/www.ibpc.fr\/UMR8261\/ website are informed of the identity of the various parties involved in its creation and follow-up:<br><strong>Owner: <\/strong>Laboratoire d&#8217;Expression G\u00e9n\u00e9tique microbienne (EGM) &#8211; 13 rue Pierre et Marie Curie &#8211; 75005 Paris&lt;p><br><strong>Director of publication: <\/strong>Antoine Petit, Chairman and CEO of CN<br><strong>Editorial manager<\/strong>: Ciar\u00e1n Condon, Unit Manager<br><strong>Webmaster<\/strong> : Sylvain Durand<br><strong>Host<\/strong>: Institut de Biologie Physico-Chimique \u2013 13 rue Pierre et Marie Curie 75005 Paris \u2013 0158415000<\/p>\n\n\n\n<h4 class=\"wp-block-heading has-black-color has-text-color has-link-color wp-elements-4dcbdceb3035f70494975a71966298ba\"><br>2. General terms and conditions of use of the site<\/h4>\n\n\n\n<p class=\"has-black-color has-text-color has-link-color wp-elements-9bb134e8f67a41882a400221096e1ebc\">Use of the http:\/\/www.ibpc.fr\/UMR8261\/ website implies full acceptance of the general conditions of use described below. These conditions of use may be amended or supplemented at any time, and users of the http:\/\/www.ibpc.fr\/UMR8261\/sont site are therefore advised to consult them regularly.<br>This site is normally accessible to users at all times. However, Institut de Biologie Physico-Chimique may decide to interrupt the site for technical maintenance purposes, and will endeavor to inform users of the dates and times of such interventions in advance.<br>The http:\/\/www.ibpc.fr\/UMR8261\/ website is regularly updated by Sylvain Durand. Similarly, the legal notices may be modified at any time: they are nevertheless binding on the user, who is invited to refer to them as often as possible in order to take cognizance of them.<\/p>\n\n\n\n<h4 class=\"wp-block-heading has-black-color has-text-color has-link-color wp-elements-75326628c23b1498921bcf9f67276964\"><br>3. Description of services provided<\/h4>\n\n\n\n<p class=\"has-black-color has-text-color has-link-color wp-elements-efd992c40f129ab938699143d693c28c\">The purpose of the http:\/\/www.ibpc.fr\/UMR8261\/a website is to provide information about the activities of the CNRS research unit.<br>The Microbial Genetic Expression Laboratory endeavors to provide the most accurate information possible on the http:\/\/www.ibpc.fr\/UMR8261\/des website. However, it cannot be held responsible for any omissions, inaccuracies or failure to update information, whether caused by itself or by third-party partners supplying such information.<br>All information on the http:\/\/www.ibpc.fr\/UMR8261\/ website is provided for information purposes only, and is subject to change. Furthermore, the information on the http:\/\/www.ibpc.fr\/UMR8261\/ website is not exhaustive. It is subject to modifications having been made since it was put online.<\/p>\n\n\n\n<h4 class=\"wp-block-heading has-black-color has-text-color has-link-color wp-elements-e27e72dc24168331590004f9e7ed5cb6\"><br>4. Contractual limitations on technical data<\/h4>\n\n\n\n<p class=\"has-black-color has-text-color has-link-color wp-elements-7c734afce8a2dfc58af29a8ace157982\">The site uses HTML and CSS technology.<br>The website cannot be held responsible for any material damage linked to the use of the site. In addition, the user of the site undertakes to access the site using recent, virus-free equipment with the latest generation of up-to-date browsers.<\/p>\n\n\n\n<h4 class=\"wp-block-heading has-black-color has-text-color has-link-color wp-elements-8b3863002ad91d8dc645b90ad9e7b713\"><br>5. Intellectual property and counterfeiting<\/h4>\n\n\n\n<p class=\"has-black-color has-text-color has-link-color wp-elements-376f4a98fc4b9e0060e7913854034dcd\"><br>Laboratoire Expression G\u00e9n\u00e9tique Microbienne is the owner of the intellectual property rights or holds the rights of use on all the elements accessible on the site, in particular the texts, images, graphics, logos and icons.<br>Any reproduction, representation, modification, publication, adaptation of all or part of the elements of the site, whatever the means or the process used, is prohibited, except prior written authorization of : Laboratoire Expression G\u00e9n\u00e9tique Microbienne.<br>Any unauthorized use of the site or of any of the elements it contains will be considered as counterfeiting and will be prosecuted in accordance with the provisions of articles L.335-2 et seq. of the French Intellectual Property Code.<\/p>\n\n\n\n<h4 class=\"wp-block-heading has-black-color has-text-color has-link-color wp-elements-02cfdc9f37b5dbf4aba358b7b9058a68\"><br>6. Limitation of liability<\/h4>\n\n\n\n<p class=\"has-black-color has-text-color has-link-color wp-elements-09823afba2d0f0cf2642bd13151317a9\">Laboratoire Expression G\u00e9n\u00e9tique Microbienne cannot be held responsible for any direct or indirect damage caused to the user&#8217;s equipment when accessing the http:\/\/ http:\/\/www.ibpc.fr\/UMR8261\/ website, and resulting either from the use of equipment that does not meet the specifications indicated in point 4, or from the appearance of a bug or incompatibility.<br>Laboratoire Expression G\u00e9n\u00e9tique Microbienne cannot be held responsible for indirect damage (such as loss of market or loss of opportunity) resulting from the use of the www.ibpc.fr\/UMR8261\/ website.<br>Interactive areas (possibility to ask questions in the contact area) are available to users. Le Laboratoire Expression G\u00e9n\u00e9tique Microbienne reserves the right to delete, without prior notice, any content posted in this area which contravenes French legislation, in particular provisions relating to data protection. Where applicable, Laboratoire Expression G\u00e9n\u00e9tique Microbienne also reserves the right to hold the user civilly and\/or criminally liable, particularly in the event of messages of a racist, insulting, defamatory or pornographic nature, whatever the medium used (text, photographs, etc.).<\/p>\n\n\n\n<h4 class=\"wp-block-heading has-black-color has-text-color has-link-color wp-elements-2fbc7e251ca759a846a67b612a52dad9\"><br>7. Personal data management<\/h4>\n\n\n\n<p class=\"has-black-color has-text-color has-link-color wp-elements-de67c027c9a0a5d6cea497fb64ea33fc\">Personal data:<br>\u2013\u00a0\u00a0\u00a0\u00a0\u00a0\u00a0\u00a0\u00a0\u00a0 <em>Directory\/organizational chart: last name &#8211; first name &#8211; telephone &#8211; photograph &#8211; e-mail<\/em><br>\u2013\u00a0\u00a0\u00a0\u00a0\u00a0\u00a0\u00a0\u00a0\u00a0 <em>Team &#8211; former member: last name &#8211; first name &#8211; photograph<\/em><br>May be collected by : (UMR8261, IBPC, 13 rue Pierre et Marie Curie, 75005 Paris + DPD &#8211; 17 rue Notre Dames des Pauvres &#8211; 54519 Vandoeuvre l\u00e8s Nancy Cedex &#8211; dpd.demandes@cnrs.fr).<br>They can be accessed by:<br>\u2013\u00a0\u00a0\u00a0\u00a0\u00a0\u00a0\u00a0\u00a0\u00a0 <em>Directory and contact : Internet users<\/em><br>\u2013\u00a0\u00a0\u00a0\u00a0\u00a0\u00a0\u00a0\u00a0\u00a0 <em>Team &#8211; former member :Internet users<\/em><br>And stored for a period of:<br>\u2013\u00a0\u00a0\u00a0\u00a0\u00a0\u00a0\u00a0\u00a0\u00a0 <em>Directory: until the person concerned leaves<\/em><br>\u2013\u00a0\u00a0\u00a0\u00a0\u00a0\u00a0\u00a0\u00a0\u00a0 <em>Team &#8211; former member: Five years maximum, for the person concerned who is no longer a member of staff.<\/em><br>No data is transferred outside the European Union.<br>When certain information is compulsory in order to access specific functionalities of the site, this compulsory nature is indicated at the time of data collection. If you refuse to provide mandatory information, you may not be able to access certain services.<br>In accordance with the applicable legal and regulatory provisions, in particular Act No. 78-17 of January 6, as amended, relating to data processing, files and freedoms and European Regulation No. 2016\/679\/EU of April 27, 2016 (applicable since May 25, 2018), you have the following rights:<br>\u2013\u00a0\u00a0\u00a0\u00a0\u00a0\u00a0\u00a0\u00a0\u00a0Exercise your right of access to your personal data ;<br>\u2013\u00a0\u00a0\u00a0\u00a0\u00a0\u00a0\u00a0\u00a0\u00a0Ask for your data to be updated if it is inaccurate\u00a0;<br>\u2013\u00a0\u00a0\u00a0\u00a0\u00a0\u00a0\u00a0\u00a0\u00a0Request portability or deletion of your data\u00a0;<br>\u2013\u00a0\u00a0\u00a0\u00a0\u00a0\u00a0\u00a0\u00a0\u00a0 Request the restriction of the processing of your data\u00a0;<br>\u2013\u00a0\u00a0\u00a0\u00a0\u00a0\u00a0\u00a0\u00a0\u00a0 Object, on legitimate grounds, to the processing of your data\u00a0;<br>\u2013\u00a0\u00a0\u00a0\u00a0\u00a0\u00a0\u00a0\u00a0\u00a0 Withdraw your consent to data processing.<br>You can exercise these rights by writing to:<br>UMR8261, IBPC, 13 rue Pierre et Marie Curie, 75005 Paris<br>sylvain.durand(@)ibpc.fr<br>You can also contact your DPO at the following address:<br><em>DPD \u2013 17 rue Notre Dame des Pauvres \u2013 54519 Vandoeuvre l\u00e8s Nancy Cedex<\/em><br><a href=\"mailto:Dpd.demandes@cnrs.fr\"><em>Dpd.demandes@cnrs.fr<\/em><\/a><br>If, after contacting us, you feel that your rights with regard to Data Processing, Data Files and Individual Liberties have not been respected, you can lodge a complaint online with the CNIL or by post.<\/p>\n\n\n\n<h4 class=\"wp-block-heading has-black-color has-text-color has-link-color wp-elements-3fede27f41462d502e6f5fd31689d1a6\"><br>8. Hypertext links and cookies<\/h4>\n\n\n\n<p class=\"has-black-color has-text-color has-link-color wp-elements-ffbeab60ee95576eadfda2597d5c1f37\">The www.ibpc.fr\/UMR8261\/ website contains a number of hyperlinks to other sites, set up with the authorization of Laboratoire Expression G\u00e9n\u00e9tique Microbienne. However, the Expression G\u00e9n\u00e9tique Microbienne laboratory is not in a position to check the content of sites visited in this way, and consequently assumes no responsibility in this respect.<br>Browsing the www.ibpc.fr\/UMR8261\/ website may result in the installation of cookie(s) on the user&#8217;s computer. A cookie is a small file which does not allow the user to be identified, but which records information relating to the navigation of a computer on a site. The data obtained in this way is intended to facilitate subsequent navigation on the site, and is also intended to enable various measures of frequentation.<br>Refusal to install a cookie may make it impossible to access certain services. However, users can configure their computer as follows, to refuse the installation of cookies:<br>Under Internet Explorer: tool tab (cog-shaped pictogram at top right) \/ internet options. Click on Confidentiality and choose Block all cookies. Confirm with Ok.<br>Firefox: at the top of the browser window, click on the Firefox button, then go to the Options tab. Click on the Privacy tab.Set the Retention Rules to: use custom settings for history. Finally, uncheck it to disable cookies.<br>Under Safari: Click on the Safari menu. Select Settings. In the &#8220;Privacy&#8221; section, click on Content settings. In the &#8220;Cookies and website data&#8221; section, you can block cookies.<br>Under Chrome: Click on the menu pictogram (symbolized by three horizontal lines) at the top right of the browser. Select Settings. Click on Show advanced settings. In the &#8220;Privacy&#8221; section, click on preferences. In the &#8220;Privacy&#8221; tab, you can block cookies.<\/p>\n\n\n\n<h4 class=\"wp-block-heading has-black-color has-text-color has-link-color wp-elements-43175b35d1fb7fb8936cb89399fd0adb\"><br>9. Applicable law and jurisdiction<\/h4>\n\n\n\n<p class=\"has-black-color has-text-color has-link-color wp-elements-cb95765f7e0ae735ee9da1748b1392b6\">Any dispute relating to the use of the www.ibpc.fr\/UMR8261\/ website is subject to French law. The competent courts of Paris shall have exclusive jurisdiction. If, after contacting us, you feel that your rights with regard to data processing, data files and individual liberties have not been respected, you may lodge a complaint online with the CNIL or by post.<\/p>\n\n\n\n<h4 class=\"wp-block-heading has-black-color has-text-color has-link-color wp-elements-fd0a978e37d8825aa5832f020494f40e\"><br>10. The main laws concerned<\/h4>\n\n\n\n<p class=\"has-black-color has-text-color has-link-color wp-elements-d21fd6044a13e63d0601e8173ddb77f9\">Law no. 78-17 of January 6, 1978, as amended by law no. 2004-801 of August 6, 2004 on data processing, data files and individual liberties.<br>Law no. 2004-575 of June 21, 2004 on confidence in the digital economy.<\/p>\n\n\n\n<h4 class=\"wp-block-heading has-black-color has-text-color has-link-color wp-elements-b1857ff7f1ddb8e93c7107f221cd332a\"><br>11. Lexicon<\/h4>\n\n\n\n<p class=\"has-black-color has-text-color has-link-color wp-elements-248b03412e7c4a951af734ae32b44b76\">User: Internet user logging on, using the above-mentioned site.<br>Personal information: &#8220;information which allows, in any form whatsoever, directly or not, the identification of the natural persons to whom it applies&#8221; (article 4 of law no. 78-17 of January 6, 1978).<\/p>\n\n\n\n<h4 class=\"wp-block-heading has-black-color has-text-color has-link-color wp-elements-5562eba38d34802acdda7573b105bca2\"><br>12. Credits<\/h4>\n\n\n\n<p class=\"has-black-color has-text-color has-link-color wp-elements-56c82538b21bd35879963edf22cc3fde\">Credits for background images<br>IBPC photos \u00a9 Ciar\u00e1n Condon<br><br><br><\/p>\n","protected":false},"excerpt":{"rendered":"<p>Credits and legal notice 1. Website overview In accordance with article 6 of French law no. 2004-575 of June 21, 2004 on confidence in the digital economy, users of the http:\/\/www.ibpc.fr\/UMR8261\/ website are informed of the identity of the various parties involved in its creation and follow-up:Owner: Laboratoire d&#8217;Expression G\u00e9n\u00e9tique microbienne (EGM) &#8211; 13 rue [&hellip;]<\/p>\n","protected":false},"author":1,"featured_media":0,"parent":0,"menu_order":0,"comment_status":"closed","ping_status":"closed","template":"","meta":{"ocean_post_layout":"","ocean_both_sidebars_style":"","ocean_both_sidebars_content_width":0,"ocean_both_sidebars_sidebars_width":0,"ocean_sidebar":"","ocean_second_sidebar":"","ocean_disable_margins":"enable","ocean_add_body_class":"","ocean_shortcode_before_top_bar":"","ocean_shortcode_after_top_bar":"","ocean_shortcode_before_header":"","ocean_shortcode_after_header":"","ocean_has_shortcode":"","ocean_shortcode_after_title":"","ocean_shortcode_before_footer_widgets":"","ocean_shortcode_after_footer_widgets":"","ocean_shortcode_before_footer_bottom":"","ocean_shortcode_after_footer_bottom":"","ocean_display_top_bar":"default","ocean_display_header":"off","ocean_header_style":"","ocean_center_header_left_menu":"","ocean_custom_header_template":"","ocean_custom_logo":0,"ocean_custom_retina_logo":0,"ocean_custom_logo_max_width":0,"ocean_custom_logo_tablet_max_width":0,"ocean_custom_logo_mobile_max_width":0,"ocean_custom_logo_max_height":0,"ocean_custom_logo_tablet_max_height":0,"ocean_custom_logo_mobile_max_height":0,"ocean_header_custom_menu":"","ocean_menu_typo_font_family":"","ocean_menu_typo_font_subset":"","ocean_menu_typo_font_size":0,"ocean_menu_typo_font_size_tablet":0,"ocean_menu_typo_font_size_mobile":0,"ocean_menu_typo_font_size_unit":"px","ocean_menu_typo_font_weight":"","ocean_menu_typo_font_weight_tablet":"","ocean_menu_typo_font_weight_mobile":"","ocean_menu_typo_transform":"","ocean_menu_typo_transform_tablet":"","ocean_menu_typo_transform_mobile":"","ocean_menu_typo_line_height":0,"ocean_menu_typo_line_height_tablet":0,"ocean_menu_typo_line_height_mobile":0,"ocean_menu_typo_line_height_unit":"","ocean_menu_typo_spacing":0,"ocean_menu_typo_spacing_tablet":0,"ocean_menu_typo_spacing_mobile":0,"ocean_menu_typo_spacing_unit":"","ocean_menu_link_color":"","ocean_menu_link_color_hover":"","ocean_menu_link_color_active":"","ocean_menu_link_background":"","ocean_menu_link_hover_background":"","ocean_menu_link_active_background":"","ocean_menu_social_links_bg":"","ocean_menu_social_hover_links_bg":"","ocean_menu_social_links_color":"","ocean_menu_social_hover_links_color":"","ocean_disable_title":"default","ocean_disable_heading":"default","ocean_post_title":"","ocean_post_subheading":"Microbial Gene Expression","ocean_post_title_style":"background-image","ocean_post_title_background_color":"","ocean_post_title_background":563,"ocean_post_title_bg_image_position":"center center","ocean_post_title_bg_image_attachment":"","ocean_post_title_bg_image_repeat":"","ocean_post_title_bg_image_size":"cover","ocean_post_title_height":200,"ocean_post_title_bg_overlay":0.1,"ocean_post_title_bg_overlay_color":"","ocean_disable_breadcrumbs":"default","ocean_breadcrumbs_color":"","ocean_breadcrumbs_separator_color":"","ocean_breadcrumbs_links_color":"","ocean_breadcrumbs_links_hover_color":"","ocean_display_footer_widgets":"default","ocean_display_footer_bottom":"default","ocean_custom_footer_template":"","footnotes":""},"class_list":["post-1252","page","type-page","status-publish","hentry","entry"],"_links":{"self":[{"href":"https:\/\/egm.ibpc.fr\/index.php?rest_route=\/wp\/v2\/pages\/1252","targetHints":{"allow":["GET"]}}],"collection":[{"href":"https:\/\/egm.ibpc.fr\/index.php?rest_route=\/wp\/v2\/pages"}],"about":[{"href":"https:\/\/egm.ibpc.fr\/index.php?rest_route=\/wp\/v2\/types\/page"}],"author":[{"embeddable":true,"href":"https:\/\/egm.ibpc.fr\/index.php?rest_route=\/wp\/v2\/users\/1"}],"replies":[{"embeddable":true,"href":"https:\/\/egm.ibpc.fr\/index.php?rest_route=%2Fwp%2Fv2%2Fcomments&post=1252"}],"version-history":[{"count":3,"href":"https:\/\/egm.ibpc.fr\/index.php?rest_route=\/wp\/v2\/pages\/1252\/revisions"}],"predecessor-version":[{"id":1255,"href":"https:\/\/egm.ibpc.fr\/index.php?rest_route=\/wp\/v2\/pages\/1252\/revisions\/1255"}],"wp:attachment":[{"href":"https:\/\/egm.ibpc.fr\/index.php?rest_route=%2Fwp%2Fv2%2Fmedia&parent=1252"}],"curies":[{"name":"wp","href":"https:\/\/api.w.org\/{rel}","templated":true}]}}