{"id":519,"date":"2025-09-24T10:48:16","date_gmt":"2025-09-24T08:48:16","guid":{"rendered":"https:\/\/egm.ibpc.fr\/?page_id=519"},"modified":"2026-04-02T18:16:39","modified_gmt":"2026-04-02T16:16:39","slug":"seminars-2025","status":"publish","type":"page","link":"https:\/\/egm.ibpc.fr\/?page_id=519","title":{"rendered":"Seminars 2025"},"content":{"rendered":"\n<hr class=\"wp-block-separator has-alpha-channel-opacity is-style-dots\"\/>\n\n\n\n<h2 class=\"wp-block-heading has-text-align-center has-vivid-green-cyan-color has-text-color has-link-color wp-elements-3a6e6426e4086422360bcfa738388ab9\"><strong>Friday, December 12 (11 H 30)<\/strong><\/h2>\n\n\n\n<p class=\"has-text-align-center has-black-color has-text-color has-link-color wp-elements-ab03947c16c35176518c49c6c52c06b6\"><strong><strong>Athina ELEFTHERAKI<\/strong><\/strong><\/p>\n\n\n\n<p class=\"has-text-align-center has-black-color has-text-color has-link-color wp-elements-42a37daef91c140a40e5743ff700e48d\">(<em>Department of Cell and Molecular Biology, Uppasala University, Su\u00e8de<\/em>)<\/p>\n\n\n\n<p class=\"has-text-align-center has-black-color has-text-color has-link-color wp-elements-094baad839cb3618dffcab7f3a5a3742\">\u00ab <em>Unravelling the post-transcriptional regulation of a type I toxin in Salmonella<\/em> \u00bb<\/p>\n\n\n\n<p class=\"has-text-align-center has-black-color has-text-color has-link-color wp-elements-0de02527f5d4fa0b0a10601f1cd0da06\">invited by Jonathan Jagodnik<\/p>\n\n\n\n<hr class=\"wp-block-separator has-alpha-channel-opacity is-style-default\"\/>\n\n\n\n<h2 class=\"wp-block-heading has-text-align-center has-vivid-green-cyan-color has-text-color has-link-color wp-elements-77e851bc1353a6b98fd049c6f020355d\"><strong>Friday, November 28 (10 H 45)<\/strong><\/h2>\n\n\n\n<p class=\"has-text-align-center has-black-color has-text-color has-link-color wp-elements-82f3fd46dab2952f0b333d38843e6189\"><strong><strong>Hubert SALVAIL<\/strong><\/strong><\/p>\n\n\n\n<p class=\"has-text-align-center has-black-color has-text-color has-link-color wp-elements-fc5be8837a30a4f52349bdc8a7abe957\">(Burnett School of Biomedical Sciences, University of Central Florida, Orlando, FL)<\/p>\n\n\n\n<p class=\"has-text-align-center has-black-color has-text-color has-link-color wp-elements-1470ca8adc34d0b8ff860732108cc2b5\">\u00ab <em><em>Sensing, responding and balancing to cause disease : feedback regulation of stress response in Salmonella<\/em><\/em> \u00bb<\/p>\n\n\n\n<p class=\"has-text-align-center has-black-color has-text-color has-link-color wp-elements-2a233a868da5a8bcb4ab9a1aef818a2f\">invited by Maude Guillier<\/p>\n\n\n\n<hr class=\"wp-block-separator has-alpha-channel-opacity is-style-default\"\/>\n\n\n\n<h2 class=\"wp-block-heading has-text-align-center has-vivid-green-cyan-color has-text-color has-link-color wp-elements-bcf260c120e11e2a5bc11ff6a370feb5\"><strong>Friday, November 21 (11 H 30)<\/strong><\/h2>\n\n\n\n<p class=\"has-text-align-center has-black-color has-text-color has-link-color wp-elements-af2d73c0511554e4d64900910f66abb3\"><strong><strong>Marcel BABIN<\/strong><\/strong><\/p>\n\n\n\n<p class=\"has-text-align-center has-black-color has-text-color has-link-color wp-elements-01134434148666ac9ed9fec6b6bd259e\">(<em>Scientific Director of the Tara Polar Station &amp; Takuvik International Research Laboratory, IRL 3376, CNRS and Universit\u00e9 Laval, Qu\u00e9bec City, Qu\u00e9bec, Canada<\/em> )<\/p>\n\n\n\n<p class=\"has-text-align-center has-black-color has-text-color has-link-color wp-elements-254dc1840f3e0bf1166af4207f1d2e45\">\u00ab <em>Microalgae and sea ice : colonisation mechanisms and adaptations to sympagic lifestyles<\/em> \u00bb<\/p>\n\n\n\n<p class=\"has-text-align-center has-black-color has-text-color has-link-color wp-elements-75856b9c7b9e5daa3c4e1e4f69ce1de6\">invited by Angela Falciatore<\/p>\n\n\n\n<hr class=\"wp-block-separator has-alpha-channel-opacity is-style-default\"\/>\n\n\n\n<h2 class=\"wp-block-heading has-text-align-center has-vivid-green-cyan-color has-text-color has-link-color wp-elements-69a037f2b2b84e7e7cfcf19c96721caf\"><strong>Tuesday, November 18 (11 H 30)<\/strong><\/h2>\n\n\n\n<p class=\"has-text-align-center has-black-color has-text-color has-link-color wp-elements-2af0293de7dbdde16a6c3f4971e1423a\"><strong><strong>Charlotte <\/strong><\/strong><b>MICHAUX<\/b><\/p>\n\n\n\n<p class=\"has-text-align-center has-black-color has-text-color has-link-color wp-elements-cdb6d26e3f0ff7263151cbaa58f141b7\">(CARE Lab, Universit\u00e9 de Rennes)<\/p>\n\n\n\n<p class=\"has-text-align-center has-black-color has-text-color has-link-color wp-elements-645a2f42d63d8f02ca0241a827bb05d8\">\u00ab <em><em>Antibiotic recalcitrance in infection<\/em><\/em> \u00bb<\/p>\n\n\n\n<p class=\"has-text-align-center has-black-color has-text-color has-link-color wp-elements-2a233a868da5a8bcb4ab9a1aef818a2f\">invited by Maude Guillier<\/p>\n\n\n\n<hr class=\"wp-block-separator has-alpha-channel-opacity is-style-default\"\/>\n\n\n\n<h2 class=\"wp-block-heading has-text-align-center has-vivid-green-cyan-color has-text-color has-link-color wp-elements-478df9d9799d4cd44b8f43bafeee3d3a\"><strong>Friday, October 17 (11 H 30)<\/strong><\/h2>\n\n\n\n<p class=\"has-text-align-center has-black-color has-text-color has-link-color wp-elements-421634858ec73f3ccadf0808692f99c0\"><strong><strong>Aude BERHNEIM<\/strong><\/strong><\/p>\n\n\n\n<p class=\"has-text-align-center has-black-color has-text-color has-link-color wp-elements-1557212b5a2383a0585a554ea128fcd2\">(Institut Pasteur, Paris)<\/p>\n\n\n\n<p class=\"has-text-align-center has-black-color has-text-color has-link-color wp-elements-732611adffde35938cf4a48ae095e6e1\">\u00ab <em>Evolution of immunity across domains of life<\/em> \u00bb<\/p>\n\n\n\n<p class=\"has-text-align-center has-black-color has-text-color has-link-color wp-elements-feffc7803743e13b99d8ffd19f2ec9ee\">invited by Gr\u00e9gory Bo\u00ebl<\/p>\n\n\n\n<hr class=\"wp-block-separator has-alpha-channel-opacity is-style-default\"\/>\n\n\n\n<p class=\"has-text-align-center has-vivid-green-cyan-color has-text-color has-link-color wp-elements-04749a79345e02c1f958e61a746ec81b\" style=\"font-size:18px\"><strong>Friday, October 3 (11 H 30)<\/strong><\/p>\n\n\n\n<p class=\"has-text-align-center has-black-color has-text-color has-link-color wp-elements-a53fb53f7745201819f1909cc0987980\"><strong><strong>Alfonso SOLER-BISTUE<\/strong><\/strong><\/p>\n\n\n\n<p class=\"has-text-align-center has-black-color has-text-color has-link-color wp-elements-40c19df70960d07541404d4c49e7d4bc\">(Experimental Genomics of Bateria, Escuela de Bio y Nanociencias Universidad Nacional de San Martin, IIBio-CONICET, Buenos Aires, Argentine)<\/p>\n\n\n\n<p class=\"has-text-align-center has-black-color has-text-color has-link-color wp-elements-7ce6a0f26d73f896d4163c48d7c741bf\">\u00ab <em>Law and order in Vibrio genome : how the chromosomal position of key loci impacts bacterial fitness and physiology<\/em> \u00bb<\/p>\n\n\n\n<p class=\"has-text-align-center has-black-color has-text-color has-link-color wp-elements-a8321fa9cfe6d98517c054bdc01a5f5a\">invited by Zeynep BAHAROGLU<\/p>\n\n\n\n<hr class=\"wp-block-separator has-alpha-channel-opacity is-style-default\"\/>\n\n\n\n<p class=\"has-text-align-center has-vivid-green-cyan-color has-text-color has-link-color wp-elements-0ade11365a6725a5463997214b9cdc0a\" style=\"font-size:18px\"><strong>Friday, September 26 (11 H 30)<\/strong><\/p>\n\n\n\n<p class=\"has-text-align-center has-black-color has-text-color has-link-color wp-elements-7b6a8320624c9a4b9799773fa60e5c82\"><strong>Jean-Emmanuel HUGONNET<\/strong> <\/p>\n\n\n\n<p class=\"has-text-align-center has-black-color has-text-color has-link-color wp-elements-9f880bc24d92e5d6f439a21cf13a38a2\">(Equipe INSERM 1336, R\u00e9sistance aux antibiotiques, UMR 8228 Chimie Physique et Chimie du vivant, Site des Cordeliers, Sorbonne Universit\u00e9, ENS, PSL, CNRS)<\/p>\n\n\n\n<p class=\"has-text-align-center has-black-color has-text-color has-link-color wp-elements-aea672539fe3faccc8196cc0f663445f\"><em>\u00ab The mode of action of beta-lactam antibiotics : beyond target inhibition \u00bb<\/em><\/p>\n\n\n\n<p class=\"has-text-align-center has-black-color has-text-color has-link-color wp-elements-583e42b6885b01e32f4825af1e75fec9\">invited by Maude GUILLIER<\/p>\n\n\n\n<hr class=\"wp-block-separator has-alpha-channel-opacity is-style-default\"\/>\n\n\n\n<div class=\"wp-block-group\"><div class=\"wp-block-group__inner-container is-layout-constrained wp-block-group-is-layout-constrained\">\n<p class=\"has-text-align-center has-vivid-green-cyan-color has-text-color has-link-color wp-elements-5ec4614bb80c38ff6e03fa85cf2a0f84\" style=\"font-size:18px\"><strong>Friday, September 12 (11 H 30)<\/strong><\/p>\n\n\n\n<p class=\"has-text-align-center has-black-color has-text-color has-link-color has-small-font-size wp-elements-ca36897f8dbca87ce3dd34968aa4257e\"><strong>Gr\u00e9goire de BISSCHOP<\/strong> <\/p>\n\n\n\n<p class=\"has-text-align-center has-black-color has-text-color has-link-color has-small-font-size wp-elements-0e070584d2c1e6df686582c44303f27b\">(Institut de Recherches Cliniques de Montr\u00e9al, Canada)<\/p>\n\n\n\n<p class=\"has-text-align-center has-black-color has-text-color has-link-color wp-elements-07745fea7ad65a1cbc47e51caca076f0\">\u00ab <em>Mapping the RNA Landscape in SARS-Cov-2 Infection<\/em> \u00bb<\/p>\n\n\n\n<p class=\"has-text-align-center has-black-color has-text-color has-link-color wp-elements-c1ce7c803d36a70b8e94b0d5d4296405\">invited by Pierre BARRAUD<\/p>\n<\/div><\/div>\n\n\n\n<hr class=\"wp-block-separator has-alpha-channel-opacity is-style-default\"\/>\n\n\n\n<p class=\"has-text-align-center has-vivid-green-cyan-color has-text-color has-link-color wp-elements-2b5d3e286e93b6bc5cfb96d92aef953e\" style=\"font-size:18px\"><strong>Wednesday, January 15 (14h30)<\/strong><\/p>\n\n\n\n<p class=\"has-text-align-center has-black-color has-text-color has-link-color wp-elements-86b58b5ab3aae144a0284423374c9d83\"><strong>Adriano O. HENRIQUES<\/strong>&nbsp;<\/p>\n\n\n\n<p class=\"has-text-align-center has-black-color has-text-color has-link-color wp-elements-fdbe1e6c01f8f12a30e7d6644cbd194c\">(Instituto de Tecnologia Quimica e Biologica, Oeiras, Portugal)<\/p>\n\n\n\n<p class=\"has-text-align-center has-black-color has-text-color has-link-color wp-elements-bdf2dfc9015a8c0bdd12090cb0e98c7a\">\u00ab <em>SH3 domain recognition motifs mediate substrate engagement and the subcellular localization of the&nbsp;Clostridiodes difficile&nbsp;spore morphogenetic protease YabG<\/em> \u00bb<\/p>\n\n\n\n<p class=\"has-text-align-center has-black-color has-text-color has-link-color wp-elements-3c510bfa3a1424be4b5c6b617088df35\">invited by Ciar\u00e1n Condon<\/p>\n\n\n\n<hr class=\"wp-block-separator has-alpha-channel-opacity is-style-default\"\/>\n\n\n\n<p class=\"has-text-align-center has-vivid-green-cyan-color has-text-color has-link-color wp-elements-8d86683dc5f95e709c0042b12ca28e93\" style=\"font-size:18px\"><strong>Friday, January 10 (9h30)<\/strong><\/p>\n\n\n\n<p class=\"has-text-align-center has-black-color has-text-color has-link-color wp-elements-c6dc8a18612023a8f333fde6d5c31602\"><strong>Tomoya MAEDA<\/strong>&nbsp;<\/p>\n\n\n\n<p class=\"has-text-align-center has-black-color has-text-color has-link-color wp-elements-68f7c604b4c4c0594058213c7afbccfd\">(Laboratory of Microbial Physiology, Hokkaido University, Japan)<\/p>\n\n\n\n<p class=\"has-text-align-center has-black-color has-text-color has-link-color wp-elements-0182a2c8fd68f617c5c5c627faaa8e5d\">\u00ab <em>Comparative analysis of antibiotic resistance dynamics by high-throughput laboratory evolution of 9 bacterial species<\/em> \u00bb<\/p>\n\n\n\n<p class=\"has-text-align-center has-black-color has-text-color has-link-color wp-elements-52d3d3db04ea317d9288bace93d7fa71\">invited by Maxence Lejars<\/p>\n","protected":false},"excerpt":{"rendered":"<p>Friday, December 12 (11 H 30) Athina ELEFTHERAKI (Department of Cell and Molecular Biology, Uppasala University, Su\u00e8de) \u00ab Unravelling the post-transcriptional regulation of a type I toxin in Salmonella \u00bb invited by Jonathan Jagodnik Friday, November 28 (10 H 45) Hubert SALVAIL (Burnett School of Biomedical Sciences, University of Central Florida, Orlando, FL) \u00ab Sensing, [&hellip;]<\/p>\n","protected":false},"author":1,"featured_media":0,"parent":18,"menu_order":0,"comment_status":"closed","ping_status":"closed","template":"","meta":{"ocean_post_layout":"","ocean_both_sidebars_style":"","ocean_both_sidebars_content_width":0,"ocean_both_sidebars_sidebars_width":0,"ocean_sidebar":"sidebar","ocean_second_sidebar":"","ocean_disable_margins":"enable","ocean_add_body_class":"","ocean_shortcode_before_top_bar":"","ocean_shortcode_after_top_bar":"","ocean_shortcode_before_header":"","ocean_shortcode_after_header":"","ocean_has_shortcode":"","ocean_shortcode_after_title":"","ocean_shortcode_before_footer_widgets":"","ocean_shortcode_after_footer_widgets":"","ocean_shortcode_before_footer_bottom":"","ocean_shortcode_after_footer_bottom":"","ocean_display_top_bar":"default","ocean_display_header":"off","ocean_header_style":"","ocean_center_header_left_menu":"","ocean_custom_header_template":"","ocean_custom_logo":0,"ocean_custom_retina_logo":0,"ocean_custom_logo_max_width":0,"ocean_custom_logo_tablet_max_width":0,"ocean_custom_logo_mobile_max_width":0,"ocean_custom_logo_max_height":0,"ocean_custom_logo_tablet_max_height":0,"ocean_custom_logo_mobile_max_height":0,"ocean_header_custom_menu":"2","ocean_menu_typo_font_family":"","ocean_menu_typo_font_subset":"","ocean_menu_typo_font_size":0,"ocean_menu_typo_font_size_tablet":0,"ocean_menu_typo_font_size_mobile":0,"ocean_menu_typo_font_size_unit":"px","ocean_menu_typo_font_weight":"","ocean_menu_typo_font_weight_tablet":"","ocean_menu_typo_font_weight_mobile":"","ocean_menu_typo_transform":"","ocean_menu_typo_transform_tablet":"","ocean_menu_typo_transform_mobile":"","ocean_menu_typo_line_height":0,"ocean_menu_typo_line_height_tablet":0,"ocean_menu_typo_line_height_mobile":0,"ocean_menu_typo_line_height_unit":"","ocean_menu_typo_spacing":0,"ocean_menu_typo_spacing_tablet":0,"ocean_menu_typo_spacing_mobile":0,"ocean_menu_typo_spacing_unit":"","ocean_menu_link_color":"","ocean_menu_link_color_hover":"","ocean_menu_link_color_active":"","ocean_menu_link_background":"","ocean_menu_link_hover_background":"","ocean_menu_link_active_background":"","ocean_menu_social_links_bg":"","ocean_menu_social_hover_links_bg":"","ocean_menu_social_links_color":"","ocean_menu_social_hover_links_color":"","ocean_disable_title":"default","ocean_disable_heading":"default","ocean_post_title":"","ocean_post_subheading":"","ocean_post_title_style":"background-image","ocean_post_title_background_color":"","ocean_post_title_background":562,"ocean_post_title_bg_image_position":"center center","ocean_post_title_bg_image_attachment":"","ocean_post_title_bg_image_repeat":"","ocean_post_title_bg_image_size":"cover","ocean_post_title_height":250,"ocean_post_title_bg_overlay":0.1,"ocean_post_title_bg_overlay_color":"","ocean_disable_breadcrumbs":"default","ocean_breadcrumbs_color":"","ocean_breadcrumbs_separator_color":"","ocean_breadcrumbs_links_color":"","ocean_breadcrumbs_links_hover_color":"","ocean_display_footer_widgets":"default","ocean_display_footer_bottom":"default","ocean_custom_footer_template":"","footnotes":""},"class_list":["post-519","page","type-page","status-publish","hentry","entry"],"_links":{"self":[{"href":"https:\/\/egm.ibpc.fr\/index.php?rest_route=\/wp\/v2\/pages\/519","targetHints":{"allow":["GET"]}}],"collection":[{"href":"https:\/\/egm.ibpc.fr\/index.php?rest_route=\/wp\/v2\/pages"}],"about":[{"href":"https:\/\/egm.ibpc.fr\/index.php?rest_route=\/wp\/v2\/types\/page"}],"author":[{"embeddable":true,"href":"https:\/\/egm.ibpc.fr\/index.php?rest_route=\/wp\/v2\/users\/1"}],"replies":[{"embeddable":true,"href":"https:\/\/egm.ibpc.fr\/index.php?rest_route=%2Fwp%2Fv2%2Fcomments&post=519"}],"version-history":[{"count":14,"href":"https:\/\/egm.ibpc.fr\/index.php?rest_route=\/wp\/v2\/pages\/519\/revisions"}],"predecessor-version":[{"id":1468,"href":"https:\/\/egm.ibpc.fr\/index.php?rest_route=\/wp\/v2\/pages\/519\/revisions\/1468"}],"up":[{"embeddable":true,"href":"https:\/\/egm.ibpc.fr\/index.php?rest_route=\/wp\/v2\/pages\/18"}],"wp:attachment":[{"href":"https:\/\/egm.ibpc.fr\/index.php?rest_route=%2Fwp%2Fv2%2Fmedia&parent=519"}],"curies":[{"name":"wp","href":"https:\/\/api.w.org\/{rel}","templated":true}]}}