{"id":571,"date":"2025-09-24T17:19:06","date_gmt":"2025-09-24T15:19:06","guid":{"rendered":"https:\/\/egm.ibpc.fr\/?page_id=571"},"modified":"2025-11-17T13:16:26","modified_gmt":"2025-11-17T11:16:26","slug":"thesis-2025","status":"publish","type":"page","link":"https:\/\/egm.ibpc.fr\/?page_id=571","title":{"rendered":"Thesis 2025"},"content":{"rendered":"\n<hr class=\"wp-block-separator has-alpha-channel-opacity is-style-dots\"\/>\n\n\n\n<p>CARE Lab, Universit\u00e9 de Rennes<\/p>\n\n\n\n<h2 class=\"wp-block-heading has-text-align-center has-vivid-green-cyan-color has-text-color has-link-color wp-elements-77e851bc1353a6b98fd049c6f020355d\"><strong>Friday, November 28 (10 H 45)<\/strong><\/h2>\n\n\n\n<p class=\"has-text-align-center has-black-color has-text-color has-link-color wp-elements-028eba1bee1fded0b01a1b38485c5898\"><strong><strong><strong>Jade MATHIS de FROMONT<\/strong><\/strong><\/strong><\/p>\n\n\n\n<p class=\"has-text-align-center has-black-color has-text-color has-link-color wp-elements-ac136d8e568b67410fe643740adfd862\">\u00ab Les syst\u00e8mes \u00e0 deux composants bact\u00e9riens et le contr\u00f4le de leur activit\u00e9 dans l&#8217;adaptation \u00e0 l&#8217;environnement \u00bb<\/p>\n\n\n\n<p class=\"has-text-align-center has-black-color has-text-color has-link-color wp-elements-94900e2c0a0c8bd2da2db10eeacbeb40\">Thesis director : Maude Guillier<\/p>\n\n\n\n<hr class=\"wp-block-separator has-alpha-channel-opacity is-style-wide\"\/>\n\n\n\n<h2 class=\"wp-block-heading has-text-align-center has-vivid-green-cyan-color has-text-color has-link-color wp-elements-3f8c95942f6dc19dc319f405d62645d8\"><strong>Friday Oct. 17th 2024 (14h)<\/strong><br><\/h2>\n\n\n\n<p class=\"has-text-align-center has-black-color has-text-color has-link-color wp-elements-2d502b897363e338b2f388adc4cf0778\"><strong>Ninon Christol<\/strong><br><br>\u00ab RNase J2, a Key Regulator of RNA Stability in <em>Bacillus subtilis<\/em> ?&nbsp;\u00bb<br><br>Thesis directors : Ciar\u00e1n Condon &amp; Sylvain Durand<br><\/p>\n","protected":false},"excerpt":{"rendered":"<p>CARE Lab, Universit\u00e9 de Rennes Friday, November 28 (10 H 45) Jade MATHIS de FROMONT \u00ab Les syst\u00e8mes \u00e0 deux composants bact\u00e9riens et le contr\u00f4le de leur activit\u00e9 dans l&#8217;adaptation \u00e0 l&#8217;environnement \u00bb Thesis director : Maude Guillier Friday Oct. 17th 2024 (14h) Ninon Christol \u00ab RNase J2, a Key Regulator of RNA Stability in [&hellip;]<\/p>\n","protected":false},"author":1,"featured_media":0,"parent":18,"menu_order":0,"comment_status":"closed","ping_status":"closed","template":"","meta":{"ocean_post_layout":"","ocean_both_sidebars_style":"","ocean_both_sidebars_content_width":0,"ocean_both_sidebars_sidebars_width":0,"ocean_sidebar":"","ocean_second_sidebar":"","ocean_disable_margins":"enable","ocean_add_body_class":"","ocean_shortcode_before_top_bar":"","ocean_shortcode_after_top_bar":"","ocean_shortcode_before_header":"","ocean_shortcode_after_header":"","ocean_has_shortcode":"","ocean_shortcode_after_title":"","ocean_shortcode_before_footer_widgets":"","ocean_shortcode_after_footer_widgets":"","ocean_shortcode_before_footer_bottom":"","ocean_shortcode_after_footer_bottom":"","ocean_display_top_bar":"default","ocean_display_header":"off","ocean_header_style":"","ocean_center_header_left_menu":"","ocean_custom_header_template":"","ocean_custom_logo":0,"ocean_custom_retina_logo":0,"ocean_custom_logo_max_width":0,"ocean_custom_logo_tablet_max_width":0,"ocean_custom_logo_mobile_max_width":0,"ocean_custom_logo_max_height":0,"ocean_custom_logo_tablet_max_height":0,"ocean_custom_logo_mobile_max_height":0,"ocean_header_custom_menu":"","ocean_menu_typo_font_family":"","ocean_menu_typo_font_subset":"","ocean_menu_typo_font_size":0,"ocean_menu_typo_font_size_tablet":0,"ocean_menu_typo_font_size_mobile":0,"ocean_menu_typo_font_size_unit":"px","ocean_menu_typo_font_weight":"","ocean_menu_typo_font_weight_tablet":"","ocean_menu_typo_font_weight_mobile":"","ocean_menu_typo_transform":"","ocean_menu_typo_transform_tablet":"","ocean_menu_typo_transform_mobile":"","ocean_menu_typo_line_height":0,"ocean_menu_typo_line_height_tablet":0,"ocean_menu_typo_line_height_mobile":0,"ocean_menu_typo_line_height_unit":"","ocean_menu_typo_spacing":0,"ocean_menu_typo_spacing_tablet":0,"ocean_menu_typo_spacing_mobile":0,"ocean_menu_typo_spacing_unit":"","ocean_menu_link_color":"","ocean_menu_link_color_hover":"","ocean_menu_link_color_active":"","ocean_menu_link_background":"","ocean_menu_link_hover_background":"","ocean_menu_link_active_background":"","ocean_menu_social_links_bg":"","ocean_menu_social_hover_links_bg":"","ocean_menu_social_links_color":"","ocean_menu_social_hover_links_color":"","ocean_disable_title":"default","ocean_disable_heading":"default","ocean_post_title":"","ocean_post_subheading":"Microbial gene Expression","ocean_post_title_style":"background-image","ocean_post_title_background_color":"","ocean_post_title_background":664,"ocean_post_title_bg_image_position":"","ocean_post_title_bg_image_attachment":"","ocean_post_title_bg_image_repeat":"","ocean_post_title_bg_image_size":"cover","ocean_post_title_height":200,"ocean_post_title_bg_overlay":0.2,"ocean_post_title_bg_overlay_color":"","ocean_disable_breadcrumbs":"default","ocean_breadcrumbs_color":"","ocean_breadcrumbs_separator_color":"","ocean_breadcrumbs_links_color":"","ocean_breadcrumbs_links_hover_color":"","ocean_display_footer_widgets":"default","ocean_display_footer_bottom":"default","ocean_custom_footer_template":"","footnotes":""},"class_list":["post-571","page","type-page","status-publish","hentry","entry"],"_links":{"self":[{"href":"https:\/\/egm.ibpc.fr\/index.php?rest_route=\/wp\/v2\/pages\/571","targetHints":{"allow":["GET"]}}],"collection":[{"href":"https:\/\/egm.ibpc.fr\/index.php?rest_route=\/wp\/v2\/pages"}],"about":[{"href":"https:\/\/egm.ibpc.fr\/index.php?rest_route=\/wp\/v2\/types\/page"}],"author":[{"embeddable":true,"href":"https:\/\/egm.ibpc.fr\/index.php?rest_route=\/wp\/v2\/users\/1"}],"replies":[{"embeddable":true,"href":"https:\/\/egm.ibpc.fr\/index.php?rest_route=%2Fwp%2Fv2%2Fcomments&post=571"}],"version-history":[{"count":7,"href":"https:\/\/egm.ibpc.fr\/index.php?rest_route=\/wp\/v2\/pages\/571\/revisions"}],"predecessor-version":[{"id":1319,"href":"https:\/\/egm.ibpc.fr\/index.php?rest_route=\/wp\/v2\/pages\/571\/revisions\/1319"}],"up":[{"embeddable":true,"href":"https:\/\/egm.ibpc.fr\/index.php?rest_route=\/wp\/v2\/pages\/18"}],"wp:attachment":[{"href":"https:\/\/egm.ibpc.fr\/index.php?rest_route=%2Fwp%2Fv2%2Fmedia&parent=571"}],"curies":[{"name":"wp","href":"https:\/\/api.w.org\/{rel}","templated":true}]}}