{"id":721,"date":"2025-09-25T11:16:14","date_gmt":"2025-09-25T09:16:14","guid":{"rendered":"https:\/\/egm.ibpc.fr\/?page_id=721"},"modified":"2025-09-30T15:30:45","modified_gmt":"2025-09-30T13:30:45","slug":"physiology-and-regulation-of-protein-synthesis-publications","status":"publish","type":"page","link":"https:\/\/egm.ibpc.fr\/?page_id=721","title":{"rendered":"Publications"},"content":{"rendered":"\n<hr class=\"wp-block-separator has-alpha-channel-opacity is-style-dots\"\/>\n\n\n\n<p class=\"has-black-color has-text-color has-link-color wp-elements-4af22d232d7cf8fd8839188377f48235\"><em><div id=\"res_script\"><p class=\"Rubrique\">Journal articles<\/p><p class=\"SousRubrique\">2025<\/p><dl class=\"NoticeRes\"><dd class=\"ValeurRes ref_biblio\">Anna Lipo\u0144ska, Laura Monlezun, Isaac Wilkins, Saravuth Ngo, Thomas O\u00efffer, et al.. Base composition at the start of the coding sequence controls the balance between translation initiation and mRNA degradation in E. coli. <i>Nucleic Acids Research<\/i>, 2025, 53 (22), <a target=\"_blank\" href=\"https:\/\/dx.doi.org\/10.1093\/nar\/gkaf1262\">&#x27E8;10.1093\/nar\/gkaf1262&#x27E9;<\/a>. <a target=\"_blank\" href=\"https:\/\/hal.science\/hal-05513161v1\">&#x27E8;hal-05513161&#x27E9;<\/a><\/dd><\/dl><dl class=\"NoticeRes\"><dd class=\"ValeurRes ref_biblio\">Daniel P.H. Wong, Kam-Ho Wong, Sunjae Park, Gr\u00e9gory Bo\u00ebl, John Hunt, et al.. OPT: Codon optimize gene sequences for E. coli protein overexpression. <i>Journal of Molecular Biology<\/i>, 2025, 437 (15), pp.168965. <a target=\"_blank\" href=\"https:\/\/dx.doi.org\/10.1016\/j.jmb.2025.168965\">&#x27E8;10.1016\/j.jmb.2025.168965&#x27E9;<\/a>. <a target=\"_blank\" href=\"https:\/\/hal.science\/hal-05381659v1\">&#x27E8;hal-05381659&#x27E9;<\/a> <a href=\"https:\/\/hal.science\/hal-05381659\/file\/webserverJMB_PubMed.pdf\" target=\"_blank\"><img decoding=\"async\" style=\"width:11px; height:11px;\" alt=\"PDF\" src=\"https:\/\/egm.ibpc.fr\/wp-content\/plugins\/mon-laboratoire\/Frontend\/images\/Haltools_pdf.png\" title=\"https:\/\/hal.science\/hal-05381659\/file\/webserverJMB_PubMed.pdf\" border=\"0\"><\/a><\/dd><\/dl><p class=\"SousRubrique\">2024<\/p><dl class=\"NoticeRes\"><dd class=\"ValeurRes ref_biblio\">Far\u00e8s Ousalem, Saravuth Ngo, Thomas O\u00efffer, Amin Omairi-Nasser, Marion Hamon, et al.. Global regulation via modulation of ribosome pausing by the ABC-F protein EttA. <i>Nature Communications<\/i>, 2024, 15 (1), pp.6314. <a target=\"_blank\" href=\"https:\/\/dx.doi.org\/10.1038\/s41467-024-50627-z\">&#x27E8;10.1038\/s41467-024-50627-z&#x27E9;<\/a>. <a target=\"_blank\" href=\"https:\/\/hal.science\/hal-04788489v1\">&#x27E8;hal-04788489&#x27E9;<\/a> <a href=\"https:\/\/hal.science\/hal-04788489\/file\/s41467-024-50627-z.pdf\" target=\"_blank\"><img decoding=\"async\" style=\"width:11px; height:11px;\" alt=\"PDF\" src=\"https:\/\/egm.ibpc.fr\/wp-content\/plugins\/mon-laboratoire\/Frontend\/images\/Haltools_pdf.png\" title=\"https:\/\/hal.science\/hal-04788489\/file\/s41467-024-50627-z.pdf\" border=\"0\"><\/a><\/dd><\/dl><p class=\"SousRubrique\">2023<\/p><dl class=\"NoticeRes\"><dd class=\"ValeurRes ref_biblio\">Corentin Fostier, Far\u00e8s Ousalem, Elodie Leroy, Saravuth Ngo, Heddy Soufari, et al.. Regulation of the macrolide resistance ABC-F translation factor MsrD. <i>Nature Communications<\/i>, 2023, 14 (1), pp.3891. <a target=\"_blank\" href=\"https:\/\/dx.doi.org\/10.1038\/s41467-023-39553-8\">&#x27E8;10.1038\/s41467-023-39553-8&#x27E9;<\/a>. <a target=\"_blank\" href=\"https:\/\/hal.science\/hal-04249727v1\">&#x27E8;hal-04249727&#x27E9;<\/a> <a href=\"https:\/\/hal.science\/hal-04249727\/file\/Hal_Fostier_et_al.pdf\" target=\"_blank\"><img decoding=\"async\" style=\"width:11px; height:11px;\" alt=\"PDF\" src=\"https:\/\/egm.ibpc.fr\/wp-content\/plugins\/mon-laboratoire\/Frontend\/images\/Haltools_pdf.png\" title=\"https:\/\/hal.science\/hal-04249727\/file\/Hal_Fostier_et_al.pdf\" border=\"0\"><\/a><\/dd><\/dl><p class=\"SousRubrique\">2020<\/p><dl class=\"NoticeRes\"><dd class=\"ValeurRes ref_biblio\">Corentin Fostier, Laura Monlezun, Far\u00e8s Ousalem, Shikha Singh, John Hunt, et al.. ABC\u2010F translation factors: from antibiotic resistance to immune response. <i>FEBS Letters<\/i>, 2020, <a target=\"_blank\" href=\"https:\/\/dx.doi.org\/10.1002\/1873-3468.13984\">&#x27E8;10.1002\/1873-3468.13984&#x27E9;<\/a>. <a target=\"_blank\" href=\"https:\/\/hal.science\/hal-02998850v1\">&#x27E8;hal-02998850&#x27E9;<\/a> <a href=\"https:\/\/hal.science\/hal-02998850\/file\/FEBSL-20-0820%20with%20figures%20in%20Hall.pdf\" target=\"_blank\"><img decoding=\"async\" style=\"width:11px; height:11px;\" alt=\"PDF\" src=\"https:\/\/egm.ibpc.fr\/wp-content\/plugins\/mon-laboratoire\/Frontend\/images\/Haltools_pdf.png\" title=\"https:\/\/hal.science\/hal-02998850\/file\/FEBSL-20-0820%20with%20figures%20in%20Hall.pdf\" border=\"0\"><\/a><\/dd><\/dl><p class=\"SousRubrique\">2019<\/p><dl class=\"NoticeRes\"><dd class=\"ValeurRes ref_biblio\">Gr\u00e9gory Bo\u00ebl, Cedric Orelle, Jean-Michel Jault, Elise Dassa. ABC systems: structural and functional variations on a common theme. <i>Research in Microbiology<\/i>, 2019, 170 (8), pp.301-303. <a target=\"_blank\" href=\"https:\/\/dx.doi.org\/10.1016\/j.resmic.2019.10.006\">&#x27E8;10.1016\/j.resmic.2019.10.006&#x27E9;<\/a>. <a target=\"_blank\" href=\"https:\/\/hal.science\/hal-03011249v1\">&#x27E8;hal-03011249&#x27E9;<\/a> <a href=\"https:\/\/hal.science\/hal-03011249\/file\/Boel%20Res%20Microbiol%202019.pdf\" target=\"_blank\"><img decoding=\"async\" style=\"width:11px; height:11px;\" alt=\"PDF\" src=\"https:\/\/egm.ibpc.fr\/wp-content\/plugins\/mon-laboratoire\/Frontend\/images\/Haltools_pdf.png\" title=\"https:\/\/hal.science\/hal-03011249\/file\/Boel%20Res%20Microbiol%202019.pdf\" border=\"0\"><\/a><\/dd><\/dl><dl class=\"NoticeRes\"><dd class=\"ValeurRes ref_biblio\">Fares Ousalem, Shikha Singh, Olivier Chesneau, John Hunt, Gr\u00e9gory Bo\u00ebl. ABC-F proteins in mRNA translation and antibiotic resistance. <i>Research in Microbiology<\/i>, 2019, 170 (8), pp.435-447. <a target=\"_blank\" href=\"https:\/\/dx.doi.org\/10.1016\/j.resmic.2019.09.005\">&#x27E8;10.1016\/j.resmic.2019.09.005&#x27E9;<\/a>. <a target=\"_blank\" href=\"https:\/\/hal.science\/hal-02324918v1\">&#x27E8;hal-02324918&#x27E9;<\/a> <a href=\"https:\/\/hal.science\/hal-02324918\/file\/Res_in_Micro_Special_ABC_ABCF_hall.pdf\" target=\"_blank\"><img decoding=\"async\" style=\"width:11px; height:11px;\" alt=\"PDF\" src=\"https:\/\/egm.ibpc.fr\/wp-content\/plugins\/mon-laboratoire\/Frontend\/images\/Haltools_pdf.png\" title=\"https:\/\/hal.science\/hal-02324918\/file\/Res_in_Micro_Special_ABC_ABCF_hall.pdf\" border=\"0\"><\/a><\/dd><\/dl><dl class=\"NoticeRes\"><dd class=\"ValeurRes ref_biblio\">Gr\u00e9gory Bo\u00ebl, Olivier Danot, Victor De Lorenzo, Antoine Danchin. Omnipresent Maxwell's demons orchestrate information management in living cells. <i>Microbial Biotechnology<\/i>, 2019, 12 (2), pp.210-242. <a target=\"_blank\" href=\"https:\/\/dx.doi.org\/10.1111\/1751-7915.13378\">&#x27E8;10.1111\/1751-7915.13378&#x27E9;<\/a>. <a target=\"_blank\" href=\"https:\/\/hal.science\/hal-02104467v1\">&#x27E8;hal-02104467&#x27E9;<\/a> <a href=\"https:\/\/hal.science\/hal-02104467\/file\/Bo-l_et_al-2019-Microbial_Biotechnology.pdf\" target=\"_blank\"><img decoding=\"async\" style=\"width:11px; height:11px;\" alt=\"PDF\" src=\"https:\/\/egm.ibpc.fr\/wp-content\/plugins\/mon-laboratoire\/Frontend\/images\/Haltools_pdf.png\" title=\"https:\/\/hal.science\/hal-02104467\/file\/Bo-l_et_al-2019-Microbial_Biotechnology.pdf\" border=\"0\"><\/a><\/dd><\/dl><dl class=\"NoticeRes\"><dd class=\"ValeurRes ref_biblio\">Anna Lipo\u0144ska, Far\u00e8s Ousalem, Daniel Aalberts, John Hunt, Gr\u00e9gory Bo\u00ebl. The new strategies to overcome challenges in protein production in bacteria. <i>Microbial Biotechnology<\/i>, 2019, 12 (1), pp.44-47. <a target=\"_blank\" href=\"https:\/\/dx.doi.org\/10.1111\/1751-7915.13338\">&#x27E8;10.1111\/1751-7915.13338&#x27E9;<\/a>. <a target=\"_blank\" href=\"https:\/\/hal.science\/hal-02324955v1\">&#x27E8;hal-02324955&#x27E9;<\/a> <a href=\"https:\/\/hal.science\/hal-02324955\/file\/main.pdf\" target=\"_blank\"><img decoding=\"async\" style=\"width:11px; height:11px;\" alt=\"PDF\" src=\"https:\/\/egm.ibpc.fr\/wp-content\/plugins\/mon-laboratoire\/Frontend\/images\/Haltools_pdf.png\" title=\"https:\/\/hal.science\/hal-02324955\/file\/main.pdf\" border=\"0\"><\/a><\/dd><\/dl><p class=\"SousRubrique\">2016<\/p><dl class=\"NoticeRes\"><dd class=\"ValeurRes ref_biblio\">Gr\u00e9gory Bo\u00ebl, Reka Letso, Helen Neely, W. Nicholson Price, Kam-Ho Wong, et al.. Codon influence on protein expression in E. coli correlates with mRNA levels. <i>Nature<\/i>, 2016, 529 (7586), pp.358-363. <a target=\"_blank\" href=\"https:\/\/dx.doi.org\/10.1038\/nature16509\">&#x27E8;10.1038\/nature16509&#x27E9;<\/a>. <a target=\"_blank\" href=\"https:\/\/hal.science\/hal-02104423v1\">&#x27E8;hal-02104423&#x27E9;<\/a> <a href=\"https:\/\/hal.science\/hal-02104423\/file\/main.pdf\" target=\"_blank\"><img decoding=\"async\" style=\"width:11px; height:11px;\" alt=\"PDF\" src=\"https:\/\/egm.ibpc.fr\/wp-content\/plugins\/mon-laboratoire\/Frontend\/images\/Haltools_pdf.png\" title=\"https:\/\/hal.science\/hal-02104423\/file\/main.pdf\" border=\"0\"><\/a><\/dd><\/dl><p class=\"SousRubrique\">2010<\/p><dl class=\"NoticeRes\"><dd class=\"ValeurRes ref_biblio\">Alain Maz\u00e9, Gr\u00e9gory Bo\u00ebl, Manuel Z\u00f9niga, Alexa Bourand, Valentin Loux, et al.. Complete genome sequence of the probiotic Lactobacillus casei strain BL23. <i>Journal of Bacteriology<\/i>, 2010, 192 (10), pp.2647-2648. <a target=\"_blank\" href=\"https:\/\/dx.doi.org\/10.1128\/JB.00076-10\">&#x27E8;10.1128\/JB.00076-10&#x27E9;<\/a>. <a target=\"_blank\" href=\"https:\/\/hal.science\/hal-01204245v1\">&#x27E8;hal-01204245&#x27E9;<\/a><\/dd><\/dl><p class=\"SousRubrique\">2007<\/p><dl class=\"NoticeRes\"><dd class=\"ValeurRes ref_biblio\">Vicente Monedero, Alain Maz\u00e9, Gr\u00e9gory Bo\u00ebl, Manuel Z\u00fa\u00f1iga, Sophie Beaufils, et al.. The phosphotransferase system of Lactobacillus casei: regulation of carbon metabolism and connection to cold shock response.. <i>Journal of Molecular Microbiology and Biotechnology<\/i>, 2007, 12 (1-2), pp.20-32. <a target=\"_blank\" href=\"https:\/\/dx.doi.org\/10.1159\/000096456\">&#x27E8;10.1159\/000096456&#x27E9;<\/a>. <a target=\"_blank\" href=\"https:\/\/hal.science\/hal-00164064v1\">&#x27E8;hal-00164064&#x27E9;<\/a><\/dd><\/dl><p class=\"SousRubrique\">2004<\/p><dl class=\"NoticeRes\"><dd class=\"ValeurRes ref_biblio\">Sandrine Poncet, Ivan Mijakovic, Sylvie Nessler, Virginie Gueguen-Chaignon, Vincent Chaptal, et al.. HPr kinase\/phosphorylase, a Walker motif A-containing bifunctional sensor enzyme controlling catabolite repression in Gram-positive bacteria. <i>Biochimica et Biophysica Acta Proteins and Proteomics<\/i>, 2004, 1697 (1-2), pp.123-135. <a target=\"_blank\" href=\"https:\/\/dx.doi.org\/10.1016\/j.bbapap.2003.11.018\">&#x27E8;10.1016\/j.bbapap.2003.11.018&#x27E9;<\/a>. <a target=\"_blank\" href=\"https:\/\/hal.science\/hal-02345159v1\">&#x27E8;hal-02345159&#x27E9;<\/a><\/dd><\/dl><dl class=\"NoticeRes\"><dd class=\"ValeurRes ref_biblio\">Gr\u00e9gory Bo\u00ebl, Vianney Pichereau, Ivan Mijakovic, Alain Maz\u00e9, Sandrine Poncet, et al.. Is 2-Phosphoglycerate-dependent Automodification of Bacterial Enolases Implicated in their Export?. <i>Journal of Molecular Biology<\/i>, 2004, 337 (2), pp.485-496. <a target=\"_blank\" href=\"https:\/\/dx.doi.org\/10.1016\/j.jmb.2003.12.082\">&#x27E8;10.1016\/j.jmb.2003.12.082&#x27E9;<\/a>. <a target=\"_blank\" href=\"https:\/\/normandie-univ.hal.science\/hal-02182290v1\">&#x27E8;hal-02182290&#x27E9;<\/a><\/dd><\/dl><dl class=\"NoticeRes\"><dd class=\"ValeurRes ref_biblio\">Alain Maz\u00e9, Gr\u00e9gory Bo\u00ebl, Sandrine Poncet, Ivan I. Mijakovic, Yoann Le Breton, et al.. The Lactobacillus casei ptsHI47T mutation causes overexpression of a LevR-regulated but RpoN-independent operon encoding a mannose class phosphotransferase system. <i>Journal of Bacteriology<\/i>, 2004, 186 (14), pp.4543-4555. <a target=\"_blank\" href=\"https:\/\/dx.doi.org\/10.1128\/JB.186.14.4543-4555\">&#x27E8;10.1128\/JB.186.14.4543-4555&#x27E9;<\/a>. <a target=\"_blank\" href=\"https:\/\/hal.inrae.fr\/hal-02680953v1\">&#x27E8;hal-02680953&#x27E9;<\/a><\/dd><\/dl><p class=\"SousRubrique\">2003<\/p><dl class=\"NoticeRes\"><dd class=\"ValeurRes ref_biblio\">Gr\u00e9gory Bo\u00ebl, Ivan Mijakovic, Alain Maz\u00e9, Sandrine Poncet, Muhamed-Kheir Taha, et al.. Transcription Regulators Potentially Controlled by HPr Kinase\/Phosphorylase in Gram-Negative Bacteria. <i>Journal of Molecular Microbiology and Biotechnology<\/i>, 2003, 5 (4), pp.206-215. <a target=\"_blank\" href=\"https:\/\/dx.doi.org\/10.1159\/000071072\">&#x27E8;10.1159\/000071072&#x27E9;<\/a>. <a target=\"_blank\" href=\"https:\/\/hal.science\/hal-02345717v1\">&#x27E8;hal-02345717&#x27E9;<\/a><\/dd><\/dl><p class=\"Rubrique\">Pre-publications<\/p><p class=\"SousRubrique\">2024<\/p><dl class=\"NoticeRes\"><dd class=\"ValeurRes ref_biblio\">Anna Lipo\u0144ska, Laura Monlezun, Isaac Wilkins, Saravuth Ngo, Thomas O\u00efffer, et al.. Base composition at the start of the coding sequence controls the balance between translation initiation and mRNA degradation in E. coli. 2024. <a target=\"_blank\" href=\"https:\/\/hal.science\/hal-04788781v1\">&#x27E8;hal-04788781&#x27E9;<\/a><\/dd><\/dl><p class=\"SousRubrique\">2023<\/p><dl class=\"NoticeRes\"><dd class=\"ValeurRes ref_biblio\">Fares Ousalem, Saravuth Ngo, Thomas Oiffer, Amin Omairi-Nasser, Marion Hamon, et al.. Global regulation via modulation of ribosome pausing by EttA. 2023. <a target=\"_blank\" href=\"https:\/\/hal.science\/hal-04249747v1\">&#x27E8;hal-04249747&#x27E9;<\/a> <a href=\"https:\/\/hal.science\/hal-04249747\/file\/Ousalem_EttA_Main_BioRx.pdf\" target=\"_blank\"><img decoding=\"async\" style=\"width:11px; height:11px;\" alt=\"PDF\" src=\"https:\/\/egm.ibpc.fr\/wp-content\/plugins\/mon-laboratoire\/Frontend\/images\/Haltools_pdf.png\" title=\"https:\/\/hal.science\/hal-04249747\/file\/Ousalem_EttA_Main_BioRx.pdf\" border=\"0\"><\/a><\/dd><\/dl><dl class=\"NoticeRes\"><dd class=\"ValeurRes ref_biblio\">Far\u00e8s Ousalem, Shikha Singh, Nevette Bailey, Kam-Ho Wong, Lingwei Zhu, et al.. Comparative genetic, biochemical, and biophysical analyses of the four E. coli ABCF paralogs support distinct functions related to mRNA translation. 2023. <a target=\"_blank\" href=\"https:\/\/hal.science\/hal-04249742v1\">&#x27E8;hal-04249742&#x27E9;<\/a><\/dd><\/dl><p class=\"SousRubrique\">2022<\/p><dl class=\"NoticeRes\"><dd class=\"ValeurRes ref_biblio\">Corentin Fostier, Far\u00e8s Ousalem, Elodie Leroy, Saravuth Ngo, Heddy Soufari, et al.. Regulation of the macrolide resistance ABC-F translation factor MsrD. 2022. <a target=\"_blank\" href=\"https:\/\/hal.science\/hal-03795511v1\">&#x27E8;hal-03795511&#x27E9;<\/a> <a href=\"https:\/\/hal.science\/hal-03795511\/file\/2021.11.29.470318v2.full.pdf\" target=\"_blank\"><img decoding=\"async\" style=\"width:11px; height:11px;\" alt=\"PDF\" src=\"https:\/\/egm.ibpc.fr\/wp-content\/plugins\/mon-laboratoire\/Frontend\/images\/Haltools_pdf.png\" title=\"https:\/\/hal.science\/hal-03795511\/file\/2021.11.29.470318v2.full.pdf\" border=\"0\"><\/a><\/dd><\/dl><\/div> <\/em><\/p>\n\n\n\n<p class=\"has-black-color has-text-color has-link-color wp-elements-9ac00cf961d1ea846fe5a532228b76c6\"><\/p>\n","protected":false},"excerpt":{"rendered":"","protected":false},"author":1,"featured_media":0,"parent":32,"menu_order":0,"comment_status":"closed","ping_status":"closed","template":"","meta":{"ocean_post_layout":"","ocean_both_sidebars_style":"","ocean_both_sidebars_content_width":0,"ocean_both_sidebars_sidebars_width":0,"ocean_sidebar":"","ocean_second_sidebar":"","ocean_disable_margins":"enable","ocean_add_body_class":"","ocean_shortcode_before_top_bar":"","ocean_shortcode_after_top_bar":"","ocean_shortcode_before_header":"","ocean_shortcode_after_header":"","ocean_has_shortcode":"","ocean_shortcode_after_title":"","ocean_shortcode_before_footer_widgets":"","ocean_shortcode_after_footer_widgets":"","ocean_shortcode_before_footer_bottom":"","ocean_shortcode_after_footer_bottom":"","ocean_display_top_bar":"default","ocean_display_header":"off","ocean_header_style":"","ocean_center_header_left_menu":"","ocean_custom_header_template":"","ocean_custom_logo":0,"ocean_custom_retina_logo":0,"ocean_custom_logo_max_width":0,"ocean_custom_logo_tablet_max_width":0,"ocean_custom_logo_mobile_max_width":0,"ocean_custom_logo_max_height":0,"ocean_custom_logo_tablet_max_height":0,"ocean_custom_logo_mobile_max_height":0,"ocean_header_custom_menu":"","ocean_menu_typo_font_family":"","ocean_menu_typo_font_subset":"","ocean_menu_typo_font_size":0,"ocean_menu_typo_font_size_tablet":0,"ocean_menu_typo_font_size_mobile":0,"ocean_menu_typo_font_size_unit":"px","ocean_menu_typo_font_weight":"","ocean_menu_typo_font_weight_tablet":"","ocean_menu_typo_font_weight_mobile":"","ocean_menu_typo_transform":"","ocean_menu_typo_transform_tablet":"","ocean_menu_typo_transform_mobile":"","ocean_menu_typo_line_height":0,"ocean_menu_typo_line_height_tablet":0,"ocean_menu_typo_line_height_mobile":0,"ocean_menu_typo_line_height_unit":"","ocean_menu_typo_spacing":0,"ocean_menu_typo_spacing_tablet":0,"ocean_menu_typo_spacing_mobile":0,"ocean_menu_typo_spacing_unit":"","ocean_menu_link_color":"","ocean_menu_link_color_hover":"","ocean_menu_link_color_active":"","ocean_menu_link_background":"","ocean_menu_link_hover_background":"","ocean_menu_link_active_background":"","ocean_menu_social_links_bg":"","ocean_menu_social_hover_links_bg":"","ocean_menu_social_links_color":"","ocean_menu_social_hover_links_color":"","ocean_disable_title":"default","ocean_disable_heading":"default","ocean_post_title":"","ocean_post_subheading":"Physiology and regulation of protein synthesis","ocean_post_title_style":"background-image","ocean_post_title_background_color":"","ocean_post_title_background":664,"ocean_post_title_bg_image_position":"","ocean_post_title_bg_image_attachment":"","ocean_post_title_bg_image_repeat":"","ocean_post_title_bg_image_size":"","ocean_post_title_height":200,"ocean_post_title_bg_overlay":0.5,"ocean_post_title_bg_overlay_color":"","ocean_disable_breadcrumbs":"default","ocean_breadcrumbs_color":"","ocean_breadcrumbs_separator_color":"","ocean_breadcrumbs_links_color":"","ocean_breadcrumbs_links_hover_color":"","ocean_display_footer_widgets":"default","ocean_display_footer_bottom":"default","ocean_custom_footer_template":"","footnotes":""},"class_list":["post-721","page","type-page","status-publish","hentry","entry"],"_links":{"self":[{"href":"https:\/\/egm.ibpc.fr\/index.php?rest_route=\/wp\/v2\/pages\/721","targetHints":{"allow":["GET"]}}],"collection":[{"href":"https:\/\/egm.ibpc.fr\/index.php?rest_route=\/wp\/v2\/pages"}],"about":[{"href":"https:\/\/egm.ibpc.fr\/index.php?rest_route=\/wp\/v2\/types\/page"}],"author":[{"embeddable":true,"href":"https:\/\/egm.ibpc.fr\/index.php?rest_route=\/wp\/v2\/users\/1"}],"replies":[{"embeddable":true,"href":"https:\/\/egm.ibpc.fr\/index.php?rest_route=%2Fwp%2Fv2%2Fcomments&post=721"}],"version-history":[{"count":10,"href":"https:\/\/egm.ibpc.fr\/index.php?rest_route=\/wp\/v2\/pages\/721\/revisions"}],"predecessor-version":[{"id":1161,"href":"https:\/\/egm.ibpc.fr\/index.php?rest_route=\/wp\/v2\/pages\/721\/revisions\/1161"}],"up":[{"embeddable":true,"href":"https:\/\/egm.ibpc.fr\/index.php?rest_route=\/wp\/v2\/pages\/32"}],"wp:attachment":[{"href":"https:\/\/egm.ibpc.fr\/index.php?rest_route=%2Fwp%2Fv2%2Fmedia&parent=721"}],"curies":[{"name":"wp","href":"https:\/\/api.w.org\/{rel}","templated":true}]}}